{"id":1647,"date":"2019-09-18T04:57:54","date_gmt":"2019-09-18T02:57:54","guid":{"rendered":"https:\/\/soniaruzcomas.com\/contacte\/"},"modified":"2025-10-14T16:18:42","modified_gmt":"2025-10-14T14:18:42","slug":"contacte","status":"publish","type":"page","link":"https:\/\/soniaruzcomas.com\/ca\/contacte\/","title":{"rendered":"Contacte"},"content":{"rendered":"<div class=\"wpb-content-wrapper\"><p>[vc_row full_width=&#8221;stretch_row_content_no_spaces&#8221; equal_height=&#8221;yes&#8221; content_placement=&#8221;top&#8221;][vc_column width=&#8221;1\/2&#8243; css=&#8221;.vc_custom_1571562230026{padding-top: 50px !important;padding-right: 50px !important;padding-bottom: 20px !important;padding-left: 50px !important;background-color: #fbfafa !important;}&#8221;]<div id=\"ultimate-heading-347369e1656428e6b\" class=\"uvc-heading ult-adjust-bottom-margin ultimate-heading-347369e1656428e6b uvc-9766  uvc-heading-default-font-sizes\" data-hspacer=\"no_spacer\"  data-halign=\"left\" style=\"text-align:left\"><div class=\"uvc-heading-spacer no_spacer\" style=\"top\"><\/div><div class=\"uvc-main-heading ult-responsive\"  data-ultimate-target='.uvc-heading.ultimate-heading-347369e1656428e6b h2'  data-responsive-json-new='{\"font-size\":\"\",\"line-height\":\"\"}' ><h2 style=\"--font-weight:theme;margin-bottom:30px;\">Informaci\u00f3 de contacte<\/h2><\/div><\/div><style type=\"text\/css\" data-type=\"the7_shortcodes-inline-css\">.dt-shortcode-soc-icons.soc-icons-cb68014edf1faece5dcac95c19426bc0 a {\n  margin-right: 10px;\n}\n.dt-shortcode-soc-icons a.soc-icons-cb68014edf1faece5dcac95c19426bc0 {\n  margin-right: 10px;\n}\n.dt-shortcode-soc-icons a.soc-icons-cb68014edf1faece5dcac95c19426bc0:last-child {\n  margin-right: 0;\n}\n.dt-shortcode-soc-icons a.soc-icons-cb68014edf1faece5dcac95c19426bc0:before,\n.dt-shortcode-soc-icons a.soc-icons-cb68014edf1faece5dcac95c19426bc0:after {\n  padding: inherit;\n}\n.dt-shortcode-soc-icons a.soc-icons-cb68014edf1faece5dcac95c19426bc0.dt-icon-border-on:before {\n  border:  solid ;\n}\n.dt-shortcode-soc-icons a.soc-icons-cb68014edf1faece5dcac95c19426bc0.dt-icon-hover-border-on:after {\n  border:  solid ;\n}\n<\/style><div class=\"dt-shortcode-soc-icons  soc-icons-cb68014edf1faece5dcac95c19426bc0 soc-icons-left \" ><style type=\"text\/css\" data-type=\"the7_shortcodes-inline-css\">.dt-shortcode-soc-icons a.single-soc-icon-e37660e35e30df3eb5456d226d4858f8 {\n  min-width: 46px;\n  min-height: 46px;\n  font-size: 24px;\n  border-radius: 100px;\n}\n.dt-shortcode-soc-icons a.single-soc-icon-e37660e35e30df3eb5456d226d4858f8:last-child {\n  margin-right: 0;\n}\n.dt-shortcode-soc-icons a.single-soc-icon-e37660e35e30df3eb5456d226d4858f8:before,\n.dt-shortcode-soc-icons a.single-soc-icon-e37660e35e30df3eb5456d226d4858f8:after {\n  min-width: 46px;\n  min-height: 46px;\n  padding: inherit;\n}\n.dt-shortcode-soc-icons a.single-soc-icon-e37660e35e30df3eb5456d226d4858f8.dt-icon-border-on:before {\n  border: 2px solid #2e2b36;\n}\n.dt-shortcode-soc-icons a.single-soc-icon-e37660e35e30df3eb5456d226d4858f8.dt-icon-hover-border-on:after {\n  border: 2px solid ;\n}\n.dt-shortcode-soc-icons a.single-soc-icon-e37660e35e30df3eb5456d226d4858f8:hover {\n  font-size: 24px;\n}\n#page .dt-shortcode-soc-icons a.single-soc-icon-e37660e35e30df3eb5456d226d4858f8:hover .soc-font-icon,\n#phantom .dt-shortcode-soc-icons a.single-soc-icon-e37660e35e30df3eb5456d226d4858f8:hover .soc-font-icon,\n#page .dt-shortcode-soc-icons a.single-soc-icon-e37660e35e30df3eb5456d226d4858f8:hover .soc-icon,\n#phantom .dt-shortcode-soc-icons a.single-soc-icon-e37660e35e30df3eb5456d226d4858f8:hover .soc-icon {\n  color: #ffffff;\n  background: none;\n}\n#page .dt-shortcode-soc-icons a.single-soc-icon-e37660e35e30df3eb5456d226d4858f8.dt-icon-hover-bg-on:after,\n#phantom .dt-shortcode-soc-icons a.single-soc-icon-e37660e35e30df3eb5456d226d4858f8.dt-icon-hover-bg-on:after {\n  background: #2e2b36;\n}\n#page .dt-shortcode-soc-icons a.single-soc-icon-e37660e35e30df3eb5456d226d4858f8:not(:hover) .soc-font-icon,\n#phantom .dt-shortcode-soc-icons a.single-soc-icon-e37660e35e30df3eb5456d226d4858f8:not(:hover) .soc-font-icon,\n#page .dt-shortcode-soc-icons a.single-soc-icon-e37660e35e30df3eb5456d226d4858f8:not(:hover) .soc-icon,\n#phantom .dt-shortcode-soc-icons a.single-soc-icon-e37660e35e30df3eb5456d226d4858f8:not(:hover) .soc-icon {\n  color: #2e2b36;\n  background: none;\n}\n.dt-shortcode-soc-icons a.single-soc-icon-e37660e35e30df3eb5456d226d4858f8 .soc-font-icon,\n.dt-shortcode-soc-icons a.single-soc-icon-e37660e35e30df3eb5456d226d4858f8 .soc-icon {\n  font-size: 24px;\n}\n<\/style><a title=\"Instagram\" href=\"https:\/\/www.instagram.com\/soniaruz_escritora\/\" class=\"instagram single-soc-icon-e37660e35e30df3eb5456d226d4858f8 dt-icon-bg-off dt-icon-border-on dt-icon-hover-bg-on\"><i class=\"soc-icon soc-font-icon dt-icon-instagram\"><\/i><span class=\"screen-reader-text\">Instagram<\/span><\/a><style type=\"text\/css\" data-type=\"the7_shortcodes-inline-css\">.dt-shortcode-soc-icons a.single-soc-icon-7a9751c15796b57a09ddf4f1dde9ef98 {\n  min-width: 46px;\n  min-height: 46px;\n  font-size: 24px;\n  border-radius: 100px;\n}\n.dt-shortcode-soc-icons a.single-soc-icon-7a9751c15796b57a09ddf4f1dde9ef98:last-child {\n  margin-right: 0;\n}\n.dt-shortcode-soc-icons a.single-soc-icon-7a9751c15796b57a09ddf4f1dde9ef98:before,\n.dt-shortcode-soc-icons a.single-soc-icon-7a9751c15796b57a09ddf4f1dde9ef98:after {\n  min-width: 46px;\n  min-height: 46px;\n  padding: inherit;\n}\n.dt-shortcode-soc-icons a.single-soc-icon-7a9751c15796b57a09ddf4f1dde9ef98.dt-icon-border-on:before {\n  border: 2px solid #2e2b36;\n}\n.dt-shortcode-soc-icons a.single-soc-icon-7a9751c15796b57a09ddf4f1dde9ef98.dt-icon-hover-border-on:after {\n  border: 2px solid ;\n}\n.dt-shortcode-soc-icons a.single-soc-icon-7a9751c15796b57a09ddf4f1dde9ef98:hover {\n  font-size: 24px;\n}\n#page .dt-shortcode-soc-icons a.single-soc-icon-7a9751c15796b57a09ddf4f1dde9ef98:hover .soc-font-icon,\n#phantom .dt-shortcode-soc-icons a.single-soc-icon-7a9751c15796b57a09ddf4f1dde9ef98:hover .soc-font-icon,\n#page .dt-shortcode-soc-icons a.single-soc-icon-7a9751c15796b57a09ddf4f1dde9ef98:hover .soc-icon,\n#phantom .dt-shortcode-soc-icons a.single-soc-icon-7a9751c15796b57a09ddf4f1dde9ef98:hover .soc-icon {\n  color: #ffffff;\n  background: none;\n}\n#page .dt-shortcode-soc-icons a.single-soc-icon-7a9751c15796b57a09ddf4f1dde9ef98.dt-icon-hover-bg-on:after,\n#phantom .dt-shortcode-soc-icons a.single-soc-icon-7a9751c15796b57a09ddf4f1dde9ef98.dt-icon-hover-bg-on:after {\n  background: #2e2b36;\n}\n#page .dt-shortcode-soc-icons a.single-soc-icon-7a9751c15796b57a09ddf4f1dde9ef98:not(:hover) .soc-font-icon,\n#phantom .dt-shortcode-soc-icons a.single-soc-icon-7a9751c15796b57a09ddf4f1dde9ef98:not(:hover) .soc-font-icon,\n#page .dt-shortcode-soc-icons a.single-soc-icon-7a9751c15796b57a09ddf4f1dde9ef98:not(:hover) .soc-icon,\n#phantom .dt-shortcode-soc-icons a.single-soc-icon-7a9751c15796b57a09ddf4f1dde9ef98:not(:hover) .soc-icon {\n  color: #2e2b36;\n  background: none;\n}\n.dt-shortcode-soc-icons a.single-soc-icon-7a9751c15796b57a09ddf4f1dde9ef98 .soc-font-icon,\n.dt-shortcode-soc-icons a.single-soc-icon-7a9751c15796b57a09ddf4f1dde9ef98 .soc-icon {\n  font-size: 24px;\n}\n<\/style><a title=\"Linkedin\" href=\"http:\/\/linkedin.com\/in\/sonia-ruz-comas-2a6063b2\" class=\"linkedin single-soc-icon-7a9751c15796b57a09ddf4f1dde9ef98 dt-icon-bg-off dt-icon-border-on dt-icon-hover-bg-on\"><i class=\"soc-icon soc-font-icon dt-icon-linkedin\"><\/i><span class=\"screen-reader-text\">Linkedin<\/span><\/a><style type=\"text\/css\" data-type=\"the7_shortcodes-inline-css\">.dt-shortcode-soc-icons a.single-soc-icon-2708a2dee3f2251de8bee21c101f85df {\n  min-width: 46px;\n  min-height: 46px;\n  font-size: 24px;\n  border-radius: 100px;\n}\n.dt-shortcode-soc-icons a.single-soc-icon-2708a2dee3f2251de8bee21c101f85df:last-child {\n  margin-right: 0;\n}\n.dt-shortcode-soc-icons a.single-soc-icon-2708a2dee3f2251de8bee21c101f85df:before,\n.dt-shortcode-soc-icons a.single-soc-icon-2708a2dee3f2251de8bee21c101f85df:after {\n  min-width: 46px;\n  min-height: 46px;\n  padding: inherit;\n}\n.dt-shortcode-soc-icons a.single-soc-icon-2708a2dee3f2251de8bee21c101f85df.dt-icon-border-on:before {\n  border: 2px solid #2e2b36;\n}\n.dt-shortcode-soc-icons a.single-soc-icon-2708a2dee3f2251de8bee21c101f85df.dt-icon-hover-border-on:after {\n  border: 2px solid ;\n}\n.dt-shortcode-soc-icons a.single-soc-icon-2708a2dee3f2251de8bee21c101f85df:hover {\n  font-size: 24px;\n}\n#page .dt-shortcode-soc-icons a.single-soc-icon-2708a2dee3f2251de8bee21c101f85df:hover .soc-font-icon,\n#phantom .dt-shortcode-soc-icons a.single-soc-icon-2708a2dee3f2251de8bee21c101f85df:hover .soc-font-icon,\n#page .dt-shortcode-soc-icons a.single-soc-icon-2708a2dee3f2251de8bee21c101f85df:hover .soc-icon,\n#phantom .dt-shortcode-soc-icons a.single-soc-icon-2708a2dee3f2251de8bee21c101f85df:hover .soc-icon {\n  color: #ffffff;\n  background: none;\n}\n#page .dt-shortcode-soc-icons a.single-soc-icon-2708a2dee3f2251de8bee21c101f85df.dt-icon-hover-bg-on:after,\n#phantom .dt-shortcode-soc-icons a.single-soc-icon-2708a2dee3f2251de8bee21c101f85df.dt-icon-hover-bg-on:after {\n  background: #2e2b36;\n}\n#page .dt-shortcode-soc-icons a.single-soc-icon-2708a2dee3f2251de8bee21c101f85df:not(:hover) .soc-font-icon,\n#phantom .dt-shortcode-soc-icons a.single-soc-icon-2708a2dee3f2251de8bee21c101f85df:not(:hover) .soc-font-icon,\n#page .dt-shortcode-soc-icons a.single-soc-icon-2708a2dee3f2251de8bee21c101f85df:not(:hover) .soc-icon,\n#phantom .dt-shortcode-soc-icons a.single-soc-icon-2708a2dee3f2251de8bee21c101f85df:not(:hover) .soc-icon {\n  color: #2e2b36;\n  background: none;\n}\n.dt-shortcode-soc-icons a.single-soc-icon-2708a2dee3f2251de8bee21c101f85df .soc-font-icon,\n.dt-shortcode-soc-icons a.single-soc-icon-2708a2dee3f2251de8bee21c101f85df .soc-icon {\n  font-size: 24px;\n}\n<\/style><a title=\"YouTube\" href=\"https:\/\/www.youtube.com\/@nosotraspodcast\" class=\"you-tube single-soc-icon-2708a2dee3f2251de8bee21c101f85df dt-icon-bg-off dt-icon-border-on dt-icon-hover-bg-on\"><i class=\"soc-icon soc-font-icon dt-icon-you-tube\"><\/i><span class=\"screen-reader-text\">YouTube<\/span><\/a><\/div>[\/vc_column][vc_column width=&#8221;1\/2&#8243; css=&#8221;.vc_custom_1571562136338{padding-top: 50px !important;padding-right: 50px !important;padding-bottom: 50px !important;padding-left: 50px !important;background-color: #ececec !important;}&#8221;]<div id=\"ultimate-heading-208169e165642919b\" class=\"uvc-heading ult-adjust-bottom-margin ultimate-heading-208169e165642919b uvc-987  uvc-heading-default-font-sizes\" data-hspacer=\"no_spacer\"  data-halign=\"left\" style=\"text-align:left\"><div class=\"uvc-heading-spacer no_spacer\" style=\"top\"><\/div><div class=\"uvc-main-heading ult-responsive\"  data-ultimate-target='.uvc-heading.ultimate-heading-208169e165642919b h2'  data-responsive-json-new='{\"font-size\":\"\",\"line-height\":\"\"}' ><h2 style=\"--font-weight:theme;margin-bottom:30px;\">Vols contactar amb mi?<\/h2><\/div><div class=\"uvc-sub-heading ult-responsive\"  data-ultimate-target='.uvc-heading.ultimate-heading-208169e165642919b .uvc-sub-heading '  data-responsive-json-new='{\"font-size\":\"\",\"line-height\":\"\"}'  style=\"font-weight:normal;\">Per respondre qualsevol consulta o dubte pots escriure&#8217;m a trav\u00e9s d&#8217;aquest formulari, correu electr\u00f2nic o podem concertar una cita en l\u00ednia.<\/p>\n<p><\/div><\/div><form class=\"dt-contact-form dt-form privacy-form\" method=\"post\"><input type=\"hidden\" name=\"widget_id\" value=\"presscore-contact-form-widget--1\" \/><input type=\"hidden\" name=\"send_message\" value=\"\" \/><input type=\"hidden\" name=\"security_token\" value=\"4bd80712688a3656ced5\"\/><div class=\"form-fields\"><span class=\"form-name\"><label class=\"assistive-text\">Name *<\/label><input type=\"text\" class=\"validate[required]\" placeholder=\"Name *\" name=\"name\" value=\"\" aria-required=\"true\">\n<\/span><span class=\"form-mail\"><label class=\"assistive-text\">E-mail *<\/label><input type=\"text\" class=\"validate[required,custom[email]]\" placeholder=\"E-mail *\" name=\"email\" value=\"\" aria-required=\"true\">\n<\/span><span class=\"form-telephone\"><label class=\"assistive-text\">Telephone<\/label><input type=\"text\" placeholder=\"Telephone\" name=\"telephone\" value=\"\" aria-required=\"false\">\n<\/span><\/div><span class=\"form-message\"><label class=\"assistive-text\">Message<\/label><textarea placeholder=\"Message\" name=\"message\" rows=\"6\" aria-required=\"false\"><\/textarea>\n<\/span><p class=\"the7-form-terms-wrap\"><input type=\"checkbox\" id=\"the7-form-terms-c3008b2c6f5370b744850a98a95b73ad\" name=\"terms\" class=\"validate[required] the7-form-terms\" aria-required=\"true\" \/>&nbsp;<label for=\"the7-form-terms-c3008b2c6f5370b744850a98a95b73ad\"><span class=\"form-terms-text\">He le\u00eddo y acepto la pol\u00edtica de privacidad <a href=\"\/politica-privacidad\">(+ info)<\/a><\/span><\/label><\/p><p><a href=\"#\" class=\"dt-btn dt-btn-m dt-btn-submit\" rel=\"nofollow\"><span>Enviar missatge<\/span><\/a><input class=\"assistive-text\" type=\"submit\" value=\"submit\"><\/p><\/form>\n[vc_column_text css=&#8221;&#8221;]<\/p>\n<p style=\"text-align: justify;\"><span style=\"font-size: 10px; line-height: 1.2;\">D&#8217;acord amb el Reglament General de Protecci\u00f3 de Dades, t&#8217;informem que les dades subministrades en aquest formulari seran tractades de forma confidencial i s&#8217;utilitzaran \u00fanicament amb la finalitat de donar resposta a la teva sol\u00b7licitud d&#8217;informaci\u00f3, dubtes o consultes, valorar els teus suggeriments, observacions i donar resposta a les possibles queixes o suggeriments que ens plantegis. La legitimaci\u00f3 es realitza a trav\u00e9s del consentiment de l&#8217;interessat. <\/span><\/p>\n<p style=\"text-align: justify;\"><span style=\"font-size: 10px; line-height: 1.2;\">Pots exercir els drets d&#8217;acc\u00e9s, rectificaci\u00f3, cancel\u00b7laci\u00f3 i supressi\u00f3 i portabilitat de les teves dades, i la limitaci\u00f3 o oposici\u00f3 al seu tractament. Igualment, tens dret a retirar el consentiment prestat i a reclamar davant l&#8217;Ag\u00e8ncia Espanyola de Protecci\u00f3 de Dades. Per fer-ho, dirigeix-te per escrit al Responsable de Tractament: Sonia Ruz Comas o info@soniaruzcomas.com. <\/span><\/p>\n<p style=\"text-align: justify;\"><span style=\"font-size: 10px; line-height: 1.2;\">Pots consultar la informaci\u00f3 addicional i detallada sobre Protecci\u00f3 de Dades a la nostra <a href=\"https:\/\/www.soniaruzcomas.com\/politica-privacidad\/\">pol\u00edtica de privacitat<\/a>.<\/span><\/p>\n<p>[\/vc_column_text][\/vc_column][\/vc_row]<\/p>\n<\/div>","protected":false},"excerpt":{"rendered":"<p>[vc_row full_width=&#8221;stretch_row_content_no_spaces&#8221; equal_height=&#8221;yes&#8221; content_placement=&#8221;top&#8221;][vc_column width=&#8221;1\/2&#8243; css=&#8221;.vc_custom_1571562230026{padding-top: 50px !important;padding-right: 50px !important;padding-bottom: 20px !important;padding-left: 50px !important;background-color: #fbfafa !important;}&#8221;][\/vc_column][vc_column width=&#8221;1\/2&#8243; css=&#8221;.vc_custom_1571562136338{padding-top: 50px !important;padding-right: 50px !important;padding-bottom: 50px !important;padding-left: 50px !important;background-color: #ececec !important;}&#8221;][vc_column_text css=&#8221;&#8221;] D&#8217;acord amb el Reglament General de Protecci\u00f3 de Dades, t&#8217;informem que les dades subministrades en aquest formulari seran tractades de forma confidencial i s&#8217;utilitzaran \u00fanicament amb&hellip;<\/p>\n","protected":false},"author":1,"featured_media":0,"parent":0,"menu_order":0,"comment_status":"closed","ping_status":"closed","template":"","meta":{"footnotes":""},"class_list":["post-1647","page","type-page","status-publish","hentry","description-off"],"yoast_head":"<!-- This site is optimized with the Yoast SEO plugin v26.1.1 - https:\/\/yoast.com\/wordpress\/plugins\/seo\/ -->\n<title>Contacte amb Sonia Ruz sobre els teus projectes literaris i culturals<\/title>\n<meta name=\"description\" content=\"Posa\u2019t en contacte amb Sonia Ruz Comas per a consultes sobre els serveis de redacci\u00f3, correcci\u00f3, tallers, classes d\u2019idiomes...\" \/>\n<meta name=\"robots\" content=\"index, follow, max-snippet:-1, max-image-preview:large, max-video-preview:-1\" \/>\n<link rel=\"canonical\" href=\"https:\/\/soniaruzcomas.com\/ca\/contacte\/\" \/>\n<meta property=\"og:locale\" content=\"ca_ES\" \/>\n<meta property=\"og:type\" content=\"article\" \/>\n<meta property=\"og:title\" content=\"Contacte amb Sonia Ruz sobre els teus projectes literaris i culturals\" \/>\n<meta property=\"og:description\" content=\"Posa\u2019t en contacte amb Sonia Ruz Comas per a consultes sobre els serveis de redacci\u00f3, correcci\u00f3, tallers, classes d\u2019idiomes...\" \/>\n<meta property=\"og:url\" content=\"https:\/\/soniaruzcomas.com\/ca\/contacte\/\" \/>\n<meta property=\"og:site_name\" content=\"Sonia Ruz Comas\" \/>\n<meta property=\"article:modified_time\" content=\"2025-10-14T14:18:42+00:00\" \/>\n<meta name=\"twitter:card\" content=\"summary_large_image\" \/>\n<meta name=\"twitter:label1\" content=\"Temps estimat de lectura\" \/>\n\t<meta name=\"twitter:data1\" content=\"2 minuts\" \/>\n<script type=\"application\/ld+json\" class=\"yoast-schema-graph\">{\"@context\":\"https:\/\/schema.org\",\"@graph\":[{\"@type\":\"WebPage\",\"@id\":\"https:\/\/soniaruzcomas.com\/ca\/contacte\/\",\"url\":\"https:\/\/soniaruzcomas.com\/ca\/contacte\/\",\"name\":\"Contacte amb Sonia Ruz sobre els teus projectes literaris i culturals\",\"isPartOf\":{\"@id\":\"https:\/\/soniaruzcomas.com\/ca\/#website\"},\"datePublished\":\"2019-09-18T02:57:54+00:00\",\"dateModified\":\"2025-10-14T14:18:42+00:00\",\"description\":\"Posa\u2019t en contacte amb Sonia Ruz Comas per a consultes sobre els serveis de redacci\u00f3, correcci\u00f3, tallers, classes d\u2019idiomes...\",\"breadcrumb\":{\"@id\":\"https:\/\/soniaruzcomas.com\/ca\/contacte\/#breadcrumb\"},\"inLanguage\":\"ca\",\"potentialAction\":[{\"@type\":\"ReadAction\",\"target\":[\"https:\/\/soniaruzcomas.com\/ca\/contacte\/\"]}]},{\"@type\":\"BreadcrumbList\",\"@id\":\"https:\/\/soniaruzcomas.com\/ca\/contacte\/#breadcrumb\",\"itemListElement\":[{\"@type\":\"ListItem\",\"position\":1,\"name\":\"Portada\",\"item\":\"https:\/\/soniaruzcomas.com\/ca\/\"},{\"@type\":\"ListItem\",\"position\":2,\"name\":\"Contacte\"}]},{\"@type\":\"WebSite\",\"@id\":\"https:\/\/soniaruzcomas.com\/ca\/#website\",\"url\":\"https:\/\/soniaruzcomas.com\/ca\/\",\"name\":\"Sonia Ruz Comas\",\"description\":\"Escritora\",\"publisher\":{\"@id\":\"https:\/\/soniaruzcomas.com\/ca\/#organization\"},\"potentialAction\":[{\"@type\":\"SearchAction\",\"target\":{\"@type\":\"EntryPoint\",\"urlTemplate\":\"https:\/\/soniaruzcomas.com\/ca\/?s={search_term_string}\"},\"query-input\":{\"@type\":\"PropertyValueSpecification\",\"valueRequired\":true,\"valueName\":\"search_term_string\"}}],\"inLanguage\":\"ca\"},{\"@type\":\"Organization\",\"@id\":\"https:\/\/soniaruzcomas.com\/ca\/#organization\",\"name\":\"Sonia Ruz Comas\",\"url\":\"https:\/\/soniaruzcomas.com\/ca\/\",\"logo\":{\"@type\":\"ImageObject\",\"inLanguage\":\"ca\",\"@id\":\"https:\/\/soniaruzcomas.com\/ca\/#\/schema\/logo\/image\/\",\"url\":\"https:\/\/soniaruzcomas.com\/wp-content\/uploads\/2024\/10\/logo-sonia-ruz-comas-300-negro.png\",\"contentUrl\":\"https:\/\/soniaruzcomas.com\/wp-content\/uploads\/2024\/10\/logo-sonia-ruz-comas-300-negro.png\",\"width\":300,\"height\":61,\"caption\":\"Sonia Ruz Comas\"},\"image\":{\"@id\":\"https:\/\/soniaruzcomas.com\/ca\/#\/schema\/logo\/image\/\"},\"sameAs\":[\"https:\/\/www.instagram.com\/soniaruz_escritora\/\"]}]}<\/script>\n<!-- \/ Yoast SEO plugin. -->","yoast_head_json":{"title":"Contacte amb Sonia Ruz sobre els teus projectes literaris i culturals","description":"Posa\u2019t en contacte amb Sonia Ruz Comas per a consultes sobre els serveis de redacci\u00f3, correcci\u00f3, tallers, classes d\u2019idiomes...","robots":{"index":"index","follow":"follow","max-snippet":"max-snippet:-1","max-image-preview":"max-image-preview:large","max-video-preview":"max-video-preview:-1"},"canonical":"https:\/\/soniaruzcomas.com\/ca\/contacte\/","og_locale":"ca_ES","og_type":"article","og_title":"Contacte amb Sonia Ruz sobre els teus projectes literaris i culturals","og_description":"Posa\u2019t en contacte amb Sonia Ruz Comas per a consultes sobre els serveis de redacci\u00f3, correcci\u00f3, tallers, classes d\u2019idiomes...","og_url":"https:\/\/soniaruzcomas.com\/ca\/contacte\/","og_site_name":"Sonia Ruz Comas","article_modified_time":"2025-10-14T14:18:42+00:00","twitter_card":"summary_large_image","twitter_misc":{"Temps estimat de lectura":"2 minuts"},"schema":{"@context":"https:\/\/schema.org","@graph":[{"@type":"WebPage","@id":"https:\/\/soniaruzcomas.com\/ca\/contacte\/","url":"https:\/\/soniaruzcomas.com\/ca\/contacte\/","name":"Contacte amb Sonia Ruz sobre els teus projectes literaris i culturals","isPartOf":{"@id":"https:\/\/soniaruzcomas.com\/ca\/#website"},"datePublished":"2019-09-18T02:57:54+00:00","dateModified":"2025-10-14T14:18:42+00:00","description":"Posa\u2019t en contacte amb Sonia Ruz Comas per a consultes sobre els serveis de redacci\u00f3, correcci\u00f3, tallers, classes d\u2019idiomes...","breadcrumb":{"@id":"https:\/\/soniaruzcomas.com\/ca\/contacte\/#breadcrumb"},"inLanguage":"ca","potentialAction":[{"@type":"ReadAction","target":["https:\/\/soniaruzcomas.com\/ca\/contacte\/"]}]},{"@type":"BreadcrumbList","@id":"https:\/\/soniaruzcomas.com\/ca\/contacte\/#breadcrumb","itemListElement":[{"@type":"ListItem","position":1,"name":"Portada","item":"https:\/\/soniaruzcomas.com\/ca\/"},{"@type":"ListItem","position":2,"name":"Contacte"}]},{"@type":"WebSite","@id":"https:\/\/soniaruzcomas.com\/ca\/#website","url":"https:\/\/soniaruzcomas.com\/ca\/","name":"Sonia Ruz Comas","description":"Escritora","publisher":{"@id":"https:\/\/soniaruzcomas.com\/ca\/#organization"},"potentialAction":[{"@type":"SearchAction","target":{"@type":"EntryPoint","urlTemplate":"https:\/\/soniaruzcomas.com\/ca\/?s={search_term_string}"},"query-input":{"@type":"PropertyValueSpecification","valueRequired":true,"valueName":"search_term_string"}}],"inLanguage":"ca"},{"@type":"Organization","@id":"https:\/\/soniaruzcomas.com\/ca\/#organization","name":"Sonia Ruz Comas","url":"https:\/\/soniaruzcomas.com\/ca\/","logo":{"@type":"ImageObject","inLanguage":"ca","@id":"https:\/\/soniaruzcomas.com\/ca\/#\/schema\/logo\/image\/","url":"https:\/\/soniaruzcomas.com\/wp-content\/uploads\/2024\/10\/logo-sonia-ruz-comas-300-negro.png","contentUrl":"https:\/\/soniaruzcomas.com\/wp-content\/uploads\/2024\/10\/logo-sonia-ruz-comas-300-negro.png","width":300,"height":61,"caption":"Sonia Ruz Comas"},"image":{"@id":"https:\/\/soniaruzcomas.com\/ca\/#\/schema\/logo\/image\/"},"sameAs":["https:\/\/www.instagram.com\/soniaruz_escritora\/"]}]}},"_links":{"self":[{"href":"https:\/\/soniaruzcomas.com\/ca\/wp-json\/wp\/v2\/pages\/1647","targetHints":{"allow":["GET"]}}],"collection":[{"href":"https:\/\/soniaruzcomas.com\/ca\/wp-json\/wp\/v2\/pages"}],"about":[{"href":"https:\/\/soniaruzcomas.com\/ca\/wp-json\/wp\/v2\/types\/page"}],"author":[{"embeddable":true,"href":"https:\/\/soniaruzcomas.com\/ca\/wp-json\/wp\/v2\/users\/1"}],"replies":[{"embeddable":true,"href":"https:\/\/soniaruzcomas.com\/ca\/wp-json\/wp\/v2\/comments?post=1647"}],"version-history":[{"count":2,"href":"https:\/\/soniaruzcomas.com\/ca\/wp-json\/wp\/v2\/pages\/1647\/revisions"}],"predecessor-version":[{"id":1650,"href":"https:\/\/soniaruzcomas.com\/ca\/wp-json\/wp\/v2\/pages\/1647\/revisions\/1650"}],"wp:attachment":[{"href":"https:\/\/soniaruzcomas.com\/ca\/wp-json\/wp\/v2\/media?parent=1647"}],"curies":[{"name":"wp","href":"https:\/\/api.w.org\/{rel}","templated":true}]}}