{"id":1683,"date":"2019-09-16T09:05:00","date_gmt":"2019-09-16T07:05:00","guid":{"rendered":"https:\/\/soniaruzcomas.com\/serveis\/"},"modified":"2025-10-14T17:44:52","modified_gmt":"2025-10-14T15:44:52","slug":"serveis","status":"publish","type":"page","link":"https:\/\/soniaruzcomas.com\/ca\/serveis\/","title":{"rendered":"Serveis"},"content":{"rendered":"<div class=\"wpb-content-wrapper\"><p>[vc_row][vc_column][vc_row_inner css=&#8221;.vc_custom_1728000795134{padding-bottom: 60px !important;}&#8221;][vc_column_inner width=&#8221;1\/2&#8243;]<style type=\"text\/css\" data-type=\"the7_shortcodes-inline-css\">.shortcode-single-image-wrap.shortcode-single-image-52bc714e1f6aa0c2ff08e33813295ace.enable-bg-rollover .rollover i,\n.shortcode-single-image-wrap.shortcode-single-image-52bc714e1f6aa0c2ff08e33813295ace.enable-bg-rollover .rollover-video i {\n  background: -webkit-linear-gradient();\n  background: linear-gradient();\n}\n.shortcode-single-image-wrap.shortcode-single-image-52bc714e1f6aa0c2ff08e33813295ace .rollover-icon {\n  font-size: 32px;\n  color: #ffffff;\n  min-width: 44px;\n  min-height: 44px;\n  line-height: 44px;\n  border-radius: 100px;\n  border-style: solid;\n  border-width: 0px;\n}\n.dt-icon-bg-on.shortcode-single-image-wrap.shortcode-single-image-52bc714e1f6aa0c2ff08e33813295ace .rollover-icon {\n  background: rgba(255,255,255,0.3);\n  box-shadow: none;\n}\n<\/style><div class=\"shortcode-single-image-wrap shortcode-single-image-52bc714e1f6aa0c2ff08e33813295ace alignnone  vc_custom_1760456367218 enable-bg-rollover dt-icon-bg-off\" ><div class=\"shortcode-single-image\"><div class=\"fancy-media-wrap\" style=\"\"><a href=\"https:\/\/soniaruzcomas.com\/ca\/redaccio-darticles-historics-i-culturalsredaccion-de-articulos-historicos-y-culturales\/\" class=\" layzr-bg rollover\" style=\"\" aria-label=\"Image\"><img fetchpriority=\"high\" decoding=\"async\" class=\"preload-me lazy-load aspect\" src=\"data:image\/svg+xml,%3Csvg%20xmlns%3D&#39;http%3A%2F%2Fwww.w3.org%2F2000%2Fsvg&#39;%20viewBox%3D&#39;0%200%20600%20400&#39;%2F%3E\" data-src=\"https:\/\/soniaruzcomas.com\/wp-content\/uploads\/2024\/10\/redaccion-de-articulos-historicos-y-culturales-sonia-ruz-comas-escritora-2-600x400.jpg\" data-srcset=\"https:\/\/soniaruzcomas.com\/wp-content\/uploads\/2024\/10\/redaccion-de-articulos-historicos-y-culturales-sonia-ruz-comas-escritora-2-600x400.jpg 600w, https:\/\/soniaruzcomas.com\/wp-content\/uploads\/2024\/10\/redaccion-de-articulos-historicos-y-culturales-sonia-ruz-comas-escritora-2-1000x666.jpg 1000w\" loading=\"eager\" style=\"--ratio: 600 \/ 400\" sizes=\"(max-width: 600px) 100vw, 600px\" width=\"600\" height=\"400\"  data-dt-location=\"https:\/\/soniaruzcomas.com\/ca\/home\/redaccion-de-articulos-historicos-y-culturales-sonia-ruz-comas-escritora-2\/\" alt=\"\" \/><\/a><\/div><\/div><\/div><div id=\"ultimate-heading-289269e16565a7346\" class=\"uvc-heading ult-adjust-bottom-margin ultimate-heading-289269e16565a7346 uvc-7577  uvc-heading-default-font-sizes\" data-hspacer=\"no_spacer\"  data-halign=\"center\" style=\"text-align:center\"><div class=\"uvc-heading-spacer no_spacer\" style=\"top\"><\/div><div class=\"uvc-main-heading ult-responsive\"  data-ultimate-target='.uvc-heading.ultimate-heading-289269e16565a7346 h4'  data-responsive-json-new='{\"font-size\":\"\",\"line-height\":\"\"}' ><h4 style=\"--font-weight:theme;color:#2e2b36;margin-bottom:5px;\">Redacci\u00f3 d\u2019articles hist\u00f2rics i culturalsRedacci\u00f3n de art\u00edculos hist\u00f3ricos y culturales<\/h4><\/div><\/div>[\/vc_column_inner][vc_column_inner width=&#8221;1\/2&#8243;]<style type=\"text\/css\" data-type=\"the7_shortcodes-inline-css\">.shortcode-single-image-wrap.shortcode-single-image-c7831cd13f304d76042f14495d859b70.enable-bg-rollover .rollover i,\n.shortcode-single-image-wrap.shortcode-single-image-c7831cd13f304d76042f14495d859b70.enable-bg-rollover .rollover-video i {\n  background: -webkit-linear-gradient();\n  background: linear-gradient();\n}\n.shortcode-single-image-wrap.shortcode-single-image-c7831cd13f304d76042f14495d859b70 .rollover-icon {\n  font-size: 32px;\n  color: #ffffff;\n  min-width: 44px;\n  min-height: 44px;\n  line-height: 44px;\n  border-radius: 100px;\n  border-style: solid;\n  border-width: 0px;\n}\n.dt-icon-bg-on.shortcode-single-image-wrap.shortcode-single-image-c7831cd13f304d76042f14495d859b70 .rollover-icon {\n  background: rgba(255,255,255,0.3);\n  box-shadow: none;\n}\n<\/style><div class=\"shortcode-single-image-wrap shortcode-single-image-c7831cd13f304d76042f14495d859b70 alignnone  vc_custom_1760456383709 enable-bg-rollover dt-icon-bg-off\" ><div class=\"shortcode-single-image\"><div class=\"fancy-media-wrap\" style=\"\"><a href=\"https:\/\/soniaruzcomas.com\/ca\/correccio-de-textos-literaris-i-academics\/\" class=\" layzr-bg rollover\" style=\"\" aria-label=\"Image\"><img decoding=\"async\" class=\"preload-me lazy-load aspect\" src=\"data:image\/svg+xml,%3Csvg%20xmlns%3D&#39;http%3A%2F%2Fwww.w3.org%2F2000%2Fsvg&#39;%20viewBox%3D&#39;0%200%20600%20400&#39;%2F%3E\" data-src=\"https:\/\/soniaruzcomas.com\/wp-content\/uploads\/2024\/10\/correccion-de-textos-literarios-y-academicos-sonia-ruz-comas-escritora-2-600x400.jpg\" data-srcset=\"https:\/\/soniaruzcomas.com\/wp-content\/uploads\/2024\/10\/correccion-de-textos-literarios-y-academicos-sonia-ruz-comas-escritora-2-600x400.jpg 600w, https:\/\/soniaruzcomas.com\/wp-content\/uploads\/2024\/10\/correccion-de-textos-literarios-y-academicos-sonia-ruz-comas-escritora-2-1000x666.jpg 1000w\" loading=\"eager\" style=\"--ratio: 600 \/ 400\" sizes=\"(max-width: 600px) 100vw, 600px\" width=\"600\" height=\"400\"  data-dt-location=\"https:\/\/soniaruzcomas.com\/ca\/home\/correccion-de-textos-literarios-y-academicos-sonia-ruz-comas-escritora-2\/\" alt=\"\" \/><\/a><\/div><\/div><\/div><div id=\"ultimate-heading-816569e16565a7e55\" class=\"uvc-heading ult-adjust-bottom-margin ultimate-heading-816569e16565a7e55 uvc-420  uvc-heading-default-font-sizes\" data-hspacer=\"no_spacer\"  data-halign=\"center\" style=\"text-align:center\"><div class=\"uvc-heading-spacer no_spacer\" style=\"top\"><\/div><div class=\"uvc-main-heading ult-responsive\"  data-ultimate-target='.uvc-heading.ultimate-heading-816569e16565a7e55 h4'  data-responsive-json-new='{\"font-size\":\"\",\"line-height\":\"\"}' ><h4 style=\"--font-weight:theme;color:#2e2b36;margin-bottom:5px;\">Correcci\u00f3 de textos literaris i acad\u00e8mics<\/h4><\/div><\/div>[\/vc_column_inner][\/vc_row_inner][vc_row_inner css=&#8221;.vc_custom_1728000812001{padding-bottom: 60px !important;}&#8221;][vc_column_inner width=&#8221;1\/2&#8243;]<style type=\"text\/css\" data-type=\"the7_shortcodes-inline-css\">.shortcode-single-image-wrap.shortcode-single-image-4b21c44df8d31543dfccf65ca097a2c9.enable-bg-rollover .rollover i,\n.shortcode-single-image-wrap.shortcode-single-image-4b21c44df8d31543dfccf65ca097a2c9.enable-bg-rollover .rollover-video i {\n  background: -webkit-linear-gradient();\n  background: linear-gradient();\n}\n.shortcode-single-image-wrap.shortcode-single-image-4b21c44df8d31543dfccf65ca097a2c9 .rollover-icon {\n  font-size: 32px;\n  color: #ffffff;\n  min-width: 44px;\n  min-height: 44px;\n  line-height: 44px;\n  border-radius: 100px;\n  border-style: solid;\n  border-width: 0px;\n}\n.dt-icon-bg-on.shortcode-single-image-wrap.shortcode-single-image-4b21c44df8d31543dfccf65ca097a2c9 .rollover-icon {\n  background: rgba(255,255,255,0.3);\n  box-shadow: none;\n}\n<\/style><div class=\"shortcode-single-image-wrap shortcode-single-image-4b21c44df8d31543dfccf65ca097a2c9 alignnone  vc_custom_1760456479687 enable-bg-rollover dt-icon-bg-off\" ><div class=\"shortcode-single-image\"><div class=\"fancy-media-wrap\" style=\"\"><a href=\"https:\/\/soniaruzcomas.com\/ca\/tallers-de-literatura\/\" class=\" layzr-bg rollover\" style=\"\" aria-label=\"Image\"><img decoding=\"async\" class=\"preload-me lazy-load aspect\" src=\"data:image\/svg+xml,%3Csvg%20xmlns%3D&#39;http%3A%2F%2Fwww.w3.org%2F2000%2Fsvg&#39;%20viewBox%3D&#39;0%200%20600%20400&#39;%2F%3E\" data-src=\"https:\/\/soniaruzcomas.com\/wp-content\/uploads\/2024\/10\/talleres-de-literatura-sonia-ruz-comas-escritora-2-600x400.jpg\" data-srcset=\"https:\/\/soniaruzcomas.com\/wp-content\/uploads\/2024\/10\/talleres-de-literatura-sonia-ruz-comas-escritora-2-600x400.jpg 600w, https:\/\/soniaruzcomas.com\/wp-content\/uploads\/2024\/10\/talleres-de-literatura-sonia-ruz-comas-escritora-2-1000x666.jpg 1000w\" loading=\"eager\" style=\"--ratio: 600 \/ 400\" sizes=\"(max-width: 600px) 100vw, 600px\" width=\"600\" height=\"400\"  data-dt-location=\"https:\/\/soniaruzcomas.com\/ca\/home\/talleres-de-literatura-sonia-ruz-comas-escritora-2\/\" alt=\"\" \/><\/a><\/div><\/div><\/div><div id=\"ultimate-heading-106669e16565a895b\" class=\"uvc-heading ult-adjust-bottom-margin ultimate-heading-106669e16565a895b uvc-873  uvc-heading-default-font-sizes\" data-hspacer=\"no_spacer\"  data-halign=\"center\" style=\"text-align:center\"><div class=\"uvc-heading-spacer no_spacer\" style=\"top\"><\/div><div class=\"uvc-main-heading ult-responsive\"  data-ultimate-target='.uvc-heading.ultimate-heading-106669e16565a895b h4'  data-responsive-json-new='{\"font-size\":\"\",\"line-height\":\"\"}' ><h4 style=\"--font-weight:theme;color:#2e2b36;margin-bottom:5px;\">Tallers de literatura<\/h4><\/div><\/div>[\/vc_column_inner][vc_column_inner width=&#8221;1\/2&#8243;]<style type=\"text\/css\" data-type=\"the7_shortcodes-inline-css\">.shortcode-single-image-wrap.shortcode-single-image-3e9d236dd8da9dd325a16bec3b87b95d.enable-bg-rollover .rollover i,\n.shortcode-single-image-wrap.shortcode-single-image-3e9d236dd8da9dd325a16bec3b87b95d.enable-bg-rollover .rollover-video i {\n  background: -webkit-linear-gradient();\n  background: linear-gradient();\n}\n.shortcode-single-image-wrap.shortcode-single-image-3e9d236dd8da9dd325a16bec3b87b95d .rollover-icon {\n  font-size: 32px;\n  color: #ffffff;\n  min-width: 44px;\n  min-height: 44px;\n  line-height: 44px;\n  border-radius: 100px;\n  border-style: solid;\n  border-width: 0px;\n}\n.dt-icon-bg-on.shortcode-single-image-wrap.shortcode-single-image-3e9d236dd8da9dd325a16bec3b87b95d .rollover-icon {\n  background: rgba(255,255,255,0.3);\n  box-shadow: none;\n}\n<\/style><div class=\"shortcode-single-image-wrap shortcode-single-image-3e9d236dd8da9dd325a16bec3b87b95d alignnone  vc_custom_1760456539304 enable-bg-rollover dt-icon-bg-off\" ><div class=\"shortcode-single-image\"><div class=\"fancy-media-wrap\" style=\"\"><a href=\"https:\/\/soniaruzcomas.com\/ca\/tallers-dhistoria-i-dhistoria-de-lart\/\" class=\" layzr-bg rollover\" style=\"\" aria-label=\"Image\"><img decoding=\"async\" class=\"preload-me lazy-load aspect\" src=\"data:image\/svg+xml,%3Csvg%20xmlns%3D&#39;http%3A%2F%2Fwww.w3.org%2F2000%2Fsvg&#39;%20viewBox%3D&#39;0%200%20600%20400&#39;%2F%3E\" data-src=\"https:\/\/soniaruzcomas.com\/wp-content\/uploads\/2024\/10\/talleres-de-historia-del-arte-sonia-ruz-comas-escritora-historica-2-600x400.jpg\" data-srcset=\"https:\/\/soniaruzcomas.com\/wp-content\/uploads\/2024\/10\/talleres-de-historia-del-arte-sonia-ruz-comas-escritora-historica-2-600x400.jpg 600w, https:\/\/soniaruzcomas.com\/wp-content\/uploads\/2024\/10\/talleres-de-historia-del-arte-sonia-ruz-comas-escritora-historica-2-1000x666.jpg 1000w\" loading=\"eager\" style=\"--ratio: 600 \/ 400\" sizes=\"(max-width: 600px) 100vw, 600px\" width=\"600\" height=\"400\"  data-dt-location=\"https:\/\/soniaruzcomas.com\/ca\/home\/talleres-de-historia-del-arte-sonia-ruz-comas-escritora-historica-2\/\" alt=\"\" \/><\/a><\/div><\/div><\/div><div id=\"ultimate-heading-40969e16565a9421\" class=\"uvc-heading ult-adjust-bottom-margin ultimate-heading-40969e16565a9421 uvc-2877  uvc-heading-default-font-sizes\" data-hspacer=\"no_spacer\"  data-halign=\"center\" style=\"text-align:center\"><div class=\"uvc-heading-spacer no_spacer\" style=\"top\"><\/div><div class=\"uvc-main-heading ult-responsive\"  data-ultimate-target='.uvc-heading.ultimate-heading-40969e16565a9421 h4'  data-responsive-json-new='{\"font-size\":\"\",\"line-height\":\"\"}' ><h4 style=\"--font-weight:theme;color:#2e2b36;margin-bottom:5px;\">Tallers d\u00b4hist\u00f2ria de l\u00b4art<\/h4><\/div><\/div>[\/vc_column_inner][\/vc_row_inner][vc_row_inner css=&#8221;.vc_custom_1728000826734{padding-bottom: 60px !important;}&#8221;][vc_column_inner width=&#8221;1\/4&#8243;][\/vc_column_inner][vc_column_inner width=&#8221;1\/2&#8243;]<style type=\"text\/css\" data-type=\"the7_shortcodes-inline-css\">.shortcode-single-image-wrap.shortcode-single-image-45d7d90d26c9f2ab5432429699e566d6.enable-bg-rollover .rollover i,\n.shortcode-single-image-wrap.shortcode-single-image-45d7d90d26c9f2ab5432429699e566d6.enable-bg-rollover .rollover-video i {\n  background: -webkit-linear-gradient();\n  background: linear-gradient();\n}\n.shortcode-single-image-wrap.shortcode-single-image-45d7d90d26c9f2ab5432429699e566d6 .rollover-icon {\n  font-size: 32px;\n  color: #ffffff;\n  min-width: 44px;\n  min-height: 44px;\n  line-height: 44px;\n  border-radius: 100px;\n  border-style: solid;\n  border-width: 0px;\n}\n.dt-icon-bg-on.shortcode-single-image-wrap.shortcode-single-image-45d7d90d26c9f2ab5432429699e566d6 .rollover-icon {\n  background: rgba(255,255,255,0.3);\n  box-shadow: none;\n}\n<\/style><div class=\"shortcode-single-image-wrap shortcode-single-image-45d7d90d26c9f2ab5432429699e566d6 alignnone  vc_custom_1760456688928 enable-bg-rollover dt-icon-bg-off\" ><div class=\"shortcode-single-image\"><div class=\"fancy-media-wrap\" style=\"\"><a href=\"https:\/\/soniaruzcomas.com\/ca\/classes-didiomes-catala-castella-i-angles\/\" class=\" layzr-bg rollover\" style=\"\" aria-label=\"Image\"><img decoding=\"async\" class=\"preload-me lazy-load aspect\" src=\"data:image\/svg+xml,%3Csvg%20xmlns%3D&#39;http%3A%2F%2Fwww.w3.org%2F2000%2Fsvg&#39;%20viewBox%3D&#39;0%200%20600%20400&#39;%2F%3E\" data-src=\"https:\/\/soniaruzcomas.com\/wp-content\/uploads\/2024\/10\/Clases-de-idiomas-catalan-castellano-e-ingles-sonia-ruz-comas-escritora-2-600x400.jpg\" data-srcset=\"https:\/\/soniaruzcomas.com\/wp-content\/uploads\/2024\/10\/Clases-de-idiomas-catalan-castellano-e-ingles-sonia-ruz-comas-escritora-2-600x400.jpg 600w, https:\/\/soniaruzcomas.com\/wp-content\/uploads\/2024\/10\/Clases-de-idiomas-catalan-castellano-e-ingles-sonia-ruz-comas-escritora-2-1000x666.jpg 1000w\" loading=\"eager\" style=\"--ratio: 600 \/ 400\" sizes=\"(max-width: 600px) 100vw, 600px\" width=\"600\" height=\"400\"  data-dt-location=\"https:\/\/soniaruzcomas.com\/ca\/home\/clases-de-idiomas-catalan-castellano-e-ingles-sonia-ruz-comas-escritora-2\/\" alt=\"\" \/><\/a><\/div><\/div><\/div><div id=\"ultimate-heading-359469e16565a9ed7\" class=\"uvc-heading ult-adjust-bottom-margin ultimate-heading-359469e16565a9ed7 uvc-2798  uvc-heading-default-font-sizes\" data-hspacer=\"no_spacer\"  data-halign=\"center\" style=\"text-align:center\"><div class=\"uvc-heading-spacer no_spacer\" style=\"top\"><\/div><div class=\"uvc-main-heading ult-responsive\"  data-ultimate-target='.uvc-heading.ultimate-heading-359469e16565a9ed7 h4'  data-responsive-json-new='{\"font-size\":\"\",\"line-height\":\"\"}' ><h4 style=\"--font-weight:theme;color:#2e2b36;margin-bottom:5px;\">&lt;br&gt;Classes d\u2019idiomes: catal\u00e0, castell\u00e0 i angl\u00e8s<\/h4><\/div><\/div>[\/vc_column_inner][vc_column_inner width=&#8221;1\/4&#8243;][\/vc_column_inner][\/vc_row_inner][\/vc_column][\/vc_row]<\/p>\n<\/div>","protected":false},"excerpt":{"rendered":"<p>[vc_row][vc_column][vc_row_inner css=&#8221;.vc_custom_1728000795134{padding-bottom: 60px !important;}&#8221;][vc_column_inner width=&#8221;1\/2&#8243;][\/vc_column_inner][vc_column_inner width=&#8221;1\/2&#8243;][\/vc_column_inner][\/vc_row_inner][vc_row_inner css=&#8221;.vc_custom_1728000812001{padding-bottom: 60px !important;}&#8221;][vc_column_inner width=&#8221;1\/2&#8243;][\/vc_column_inner][vc_column_inner width=&#8221;1\/2&#8243;][\/vc_column_inner][\/vc_row_inner][vc_row_inner css=&#8221;.vc_custom_1728000826734{padding-bottom: 60px !important;}&#8221;][vc_column_inner width=&#8221;1\/4&#8243;][\/vc_column_inner][vc_column_inner width=&#8221;1\/2&#8243;][\/vc_column_inner][vc_column_inner width=&#8221;1\/4&#8243;][\/vc_column_inner][\/vc_row_inner][\/vc_column][\/vc_row]<\/p>\n","protected":false},"author":1,"featured_media":0,"parent":0,"menu_order":30,"comment_status":"closed","ping_status":"closed","template":"","meta":{"footnotes":""},"class_list":["post-1683","page","type-page","status-publish","hentry","description-off"],"yoast_head":"<!-- This site is optimized with the Yoast SEO plugin v26.1.1 - https:\/\/yoast.com\/wordpress\/plugins\/seo\/ -->\n<title>Redacci\u00f3, correcci\u00f3 de textos i tallers culturals \u2013 Sonia Ruz Comas<\/title>\n<meta name=\"description\" content=\"Descobreix els serveis de la Sonia Ruz Comas: redacci\u00f3 i correcci\u00f3 de textos, tallers de literatura i hist\u00f2ria de l\u2019art i classes d\u2019idiomes.\" \/>\n<meta name=\"robots\" content=\"index, follow, max-snippet:-1, max-image-preview:large, max-video-preview:-1\" \/>\n<link rel=\"canonical\" href=\"https:\/\/soniaruzcomas.com\/ca\/serveis\/\" \/>\n<meta property=\"og:locale\" content=\"ca_ES\" \/>\n<meta property=\"og:type\" content=\"article\" \/>\n<meta property=\"og:title\" content=\"Redacci\u00f3, correcci\u00f3 de textos i tallers culturals \u2013 Sonia Ruz Comas\" \/>\n<meta property=\"og:description\" content=\"Descobreix els serveis de la Sonia Ruz Comas: redacci\u00f3 i correcci\u00f3 de textos, tallers de literatura i hist\u00f2ria de l\u2019art i classes d\u2019idiomes.\" \/>\n<meta property=\"og:url\" content=\"https:\/\/soniaruzcomas.com\/ca\/serveis\/\" \/>\n<meta property=\"og:site_name\" content=\"Sonia Ruz Comas\" \/>\n<meta property=\"article:modified_time\" content=\"2025-10-14T15:44:52+00:00\" \/>\n<meta name=\"twitter:card\" content=\"summary_large_image\" \/>\n<meta name=\"twitter:label1\" content=\"Temps estimat de lectura\" \/>\n\t<meta name=\"twitter:data1\" content=\"2 minuts\" \/>\n<script type=\"application\/ld+json\" class=\"yoast-schema-graph\">{\"@context\":\"https:\/\/schema.org\",\"@graph\":[{\"@type\":\"WebPage\",\"@id\":\"https:\/\/soniaruzcomas.com\/ca\/serveis\/\",\"url\":\"https:\/\/soniaruzcomas.com\/ca\/serveis\/\",\"name\":\"Redacci\u00f3, correcci\u00f3 de textos i tallers culturals \u2013 Sonia Ruz Comas\",\"isPartOf\":{\"@id\":\"https:\/\/soniaruzcomas.com\/ca\/#website\"},\"datePublished\":\"2019-09-16T07:05:00+00:00\",\"dateModified\":\"2025-10-14T15:44:52+00:00\",\"description\":\"Descobreix els serveis de la Sonia Ruz Comas: redacci\u00f3 i correcci\u00f3 de textos, tallers de literatura i hist\u00f2ria de l\u2019art i classes d\u2019idiomes.\",\"breadcrumb\":{\"@id\":\"https:\/\/soniaruzcomas.com\/ca\/serveis\/#breadcrumb\"},\"inLanguage\":\"ca\",\"potentialAction\":[{\"@type\":\"ReadAction\",\"target\":[\"https:\/\/soniaruzcomas.com\/ca\/serveis\/\"]}]},{\"@type\":\"BreadcrumbList\",\"@id\":\"https:\/\/soniaruzcomas.com\/ca\/serveis\/#breadcrumb\",\"itemListElement\":[{\"@type\":\"ListItem\",\"position\":1,\"name\":\"Portada\",\"item\":\"https:\/\/soniaruzcomas.com\/ca\/\"},{\"@type\":\"ListItem\",\"position\":2,\"name\":\"Serveis\"}]},{\"@type\":\"WebSite\",\"@id\":\"https:\/\/soniaruzcomas.com\/ca\/#website\",\"url\":\"https:\/\/soniaruzcomas.com\/ca\/\",\"name\":\"Sonia Ruz Comas\",\"description\":\"Escritora\",\"publisher\":{\"@id\":\"https:\/\/soniaruzcomas.com\/ca\/#organization\"},\"potentialAction\":[{\"@type\":\"SearchAction\",\"target\":{\"@type\":\"EntryPoint\",\"urlTemplate\":\"https:\/\/soniaruzcomas.com\/ca\/?s={search_term_string}\"},\"query-input\":{\"@type\":\"PropertyValueSpecification\",\"valueRequired\":true,\"valueName\":\"search_term_string\"}}],\"inLanguage\":\"ca\"},{\"@type\":\"Organization\",\"@id\":\"https:\/\/soniaruzcomas.com\/ca\/#organization\",\"name\":\"Sonia Ruz Comas\",\"url\":\"https:\/\/soniaruzcomas.com\/ca\/\",\"logo\":{\"@type\":\"ImageObject\",\"inLanguage\":\"ca\",\"@id\":\"https:\/\/soniaruzcomas.com\/ca\/#\/schema\/logo\/image\/\",\"url\":\"https:\/\/soniaruzcomas.com\/wp-content\/uploads\/2024\/10\/logo-sonia-ruz-comas-300-negro.png\",\"contentUrl\":\"https:\/\/soniaruzcomas.com\/wp-content\/uploads\/2024\/10\/logo-sonia-ruz-comas-300-negro.png\",\"width\":300,\"height\":61,\"caption\":\"Sonia Ruz Comas\"},\"image\":{\"@id\":\"https:\/\/soniaruzcomas.com\/ca\/#\/schema\/logo\/image\/\"},\"sameAs\":[\"https:\/\/www.instagram.com\/soniaruz_escritora\/\"]}]}<\/script>\n<!-- \/ Yoast SEO plugin. -->","yoast_head_json":{"title":"Redacci\u00f3, correcci\u00f3 de textos i tallers culturals \u2013 Sonia Ruz Comas","description":"Descobreix els serveis de la Sonia Ruz Comas: redacci\u00f3 i correcci\u00f3 de textos, tallers de literatura i hist\u00f2ria de l\u2019art i classes d\u2019idiomes.","robots":{"index":"index","follow":"follow","max-snippet":"max-snippet:-1","max-image-preview":"max-image-preview:large","max-video-preview":"max-video-preview:-1"},"canonical":"https:\/\/soniaruzcomas.com\/ca\/serveis\/","og_locale":"ca_ES","og_type":"article","og_title":"Redacci\u00f3, correcci\u00f3 de textos i tallers culturals \u2013 Sonia Ruz Comas","og_description":"Descobreix els serveis de la Sonia Ruz Comas: redacci\u00f3 i correcci\u00f3 de textos, tallers de literatura i hist\u00f2ria de l\u2019art i classes d\u2019idiomes.","og_url":"https:\/\/soniaruzcomas.com\/ca\/serveis\/","og_site_name":"Sonia Ruz Comas","article_modified_time":"2025-10-14T15:44:52+00:00","twitter_card":"summary_large_image","twitter_misc":{"Temps estimat de lectura":"2 minuts"},"schema":{"@context":"https:\/\/schema.org","@graph":[{"@type":"WebPage","@id":"https:\/\/soniaruzcomas.com\/ca\/serveis\/","url":"https:\/\/soniaruzcomas.com\/ca\/serveis\/","name":"Redacci\u00f3, correcci\u00f3 de textos i tallers culturals \u2013 Sonia Ruz Comas","isPartOf":{"@id":"https:\/\/soniaruzcomas.com\/ca\/#website"},"datePublished":"2019-09-16T07:05:00+00:00","dateModified":"2025-10-14T15:44:52+00:00","description":"Descobreix els serveis de la Sonia Ruz Comas: redacci\u00f3 i correcci\u00f3 de textos, tallers de literatura i hist\u00f2ria de l\u2019art i classes d\u2019idiomes.","breadcrumb":{"@id":"https:\/\/soniaruzcomas.com\/ca\/serveis\/#breadcrumb"},"inLanguage":"ca","potentialAction":[{"@type":"ReadAction","target":["https:\/\/soniaruzcomas.com\/ca\/serveis\/"]}]},{"@type":"BreadcrumbList","@id":"https:\/\/soniaruzcomas.com\/ca\/serveis\/#breadcrumb","itemListElement":[{"@type":"ListItem","position":1,"name":"Portada","item":"https:\/\/soniaruzcomas.com\/ca\/"},{"@type":"ListItem","position":2,"name":"Serveis"}]},{"@type":"WebSite","@id":"https:\/\/soniaruzcomas.com\/ca\/#website","url":"https:\/\/soniaruzcomas.com\/ca\/","name":"Sonia Ruz Comas","description":"Escritora","publisher":{"@id":"https:\/\/soniaruzcomas.com\/ca\/#organization"},"potentialAction":[{"@type":"SearchAction","target":{"@type":"EntryPoint","urlTemplate":"https:\/\/soniaruzcomas.com\/ca\/?s={search_term_string}"},"query-input":{"@type":"PropertyValueSpecification","valueRequired":true,"valueName":"search_term_string"}}],"inLanguage":"ca"},{"@type":"Organization","@id":"https:\/\/soniaruzcomas.com\/ca\/#organization","name":"Sonia Ruz Comas","url":"https:\/\/soniaruzcomas.com\/ca\/","logo":{"@type":"ImageObject","inLanguage":"ca","@id":"https:\/\/soniaruzcomas.com\/ca\/#\/schema\/logo\/image\/","url":"https:\/\/soniaruzcomas.com\/wp-content\/uploads\/2024\/10\/logo-sonia-ruz-comas-300-negro.png","contentUrl":"https:\/\/soniaruzcomas.com\/wp-content\/uploads\/2024\/10\/logo-sonia-ruz-comas-300-negro.png","width":300,"height":61,"caption":"Sonia Ruz Comas"},"image":{"@id":"https:\/\/soniaruzcomas.com\/ca\/#\/schema\/logo\/image\/"},"sameAs":["https:\/\/www.instagram.com\/soniaruz_escritora\/"]}]}},"_links":{"self":[{"href":"https:\/\/soniaruzcomas.com\/ca\/wp-json\/wp\/v2\/pages\/1683","targetHints":{"allow":["GET"]}}],"collection":[{"href":"https:\/\/soniaruzcomas.com\/ca\/wp-json\/wp\/v2\/pages"}],"about":[{"href":"https:\/\/soniaruzcomas.com\/ca\/wp-json\/wp\/v2\/types\/page"}],"author":[{"embeddable":true,"href":"https:\/\/soniaruzcomas.com\/ca\/wp-json\/wp\/v2\/users\/1"}],"replies":[{"embeddable":true,"href":"https:\/\/soniaruzcomas.com\/ca\/wp-json\/wp\/v2\/comments?post=1683"}],"version-history":[{"count":4,"href":"https:\/\/soniaruzcomas.com\/ca\/wp-json\/wp\/v2\/pages\/1683\/revisions"}],"predecessor-version":[{"id":1768,"href":"https:\/\/soniaruzcomas.com\/ca\/wp-json\/wp\/v2\/pages\/1683\/revisions\/1768"}],"wp:attachment":[{"href":"https:\/\/soniaruzcomas.com\/ca\/wp-json\/wp\/v2\/media?parent=1683"}],"curies":[{"name":"wp","href":"https:\/\/api.w.org\/{rel}","templated":true}]}}