{"id":1723,"date":"2024-10-04T02:22:40","date_gmt":"2024-10-04T00:22:40","guid":{"rendered":"https:\/\/soniaruzcomas.com\/podcast-nosaltres-les-dones\/"},"modified":"2025-10-14T16:27:03","modified_gmt":"2025-10-14T14:27:03","slug":"podcast-nosaltres-les-dones","status":"publish","type":"page","link":"https:\/\/soniaruzcomas.com\/ca\/podcast-nosaltres-les-dones\/","title":{"rendered":"Podcast Nosaltres les Dones"},"content":{"rendered":"<div class=\"wpb-content-wrapper\"><p>[vc_row][vc_column][vc_column_text css=&#8221;&#8221;]NOSALTRES LES DONES \u00e9s un Podcast dedicat a explicar biografies de dones fascinants i sovint oblidades. \u00c9s un Podcast realitzat amb t\u00e8cnica humil per\u00f2 amb tot el cor. Gr\u00e0cies per escoltar-me. :)[\/vc_column_text][vc_empty_space][vc_column_text css=&#8221;&#8221;]<iframe loading=\"lazy\" style=\"border-radius: 12px;\" src=\"https:\/\/open.spotify.com\/embed\/episode\/00VpxsZYJQIwa3vLSucoY9?utm_source=generator&amp;theme=0\" width=\"100%\" height=\"352\" frameborder=\"0\" allowfullscreen=\"allowfullscreen\"><\/iframe>[\/vc_column_text][vc_column_text css=&#8221;&#8221;]<iframe loading=\"lazy\" style=\"border-radius: 12px;\" src=\"https:\/\/open.spotify.com\/embed\/show\/5vA0uATSuE9Uilu8OKzklC?utm_source=generator&amp;theme=0\" width=\"100%\" height=\"352\" frameborder=\"0\" allowfullscreen=\"allowfullscreen\"><\/iframe>[\/vc_column_text][vc_column_text css=&#8221;&#8221;]<iframe loading=\"lazy\" style=\"border-radius: 12px;\" src=\"https:\/\/open.spotify.com\/embed\/episode\/0Qn0nzdjMA0wDJqv9pXm1x?utm_source=generator&amp;theme=0\" width=\"100%\" height=\"352\" frameborder=\"0\" allowfullscreen=\"allowfullscreen\"><\/iframe>[\/vc_column_text][\/vc_column][\/vc_row]<\/p>\n<\/div>","protected":false},"excerpt":{"rendered":"<p>[vc_row][vc_column][vc_column_text css=&#8221;&#8221;]NOSALTRES LES DONES \u00e9s un Podcast dedicat a explicar biografies de dones fascinants i sovint oblidades. \u00c9s un Podcast realitzat amb t\u00e8cnica humil per\u00f2 amb tot el cor. Gr\u00e0cies per escoltar-me. :)[\/vc_column_text][vc_empty_space][vc_column_text css=&#8221;&#8221;][\/vc_column_text][vc_column_text css=&#8221;&#8221;][\/vc_column_text][vc_column_text css=&#8221;&#8221;][\/vc_column_text][\/vc_column][\/vc_row]<\/p>\n","protected":false},"author":1,"featured_media":0,"parent":0,"menu_order":0,"comment_status":"closed","ping_status":"closed","template":"","meta":{"footnotes":""},"class_list":["post-1723","page","type-page","status-publish","hentry","description-off"],"yoast_head":"<!-- This site is optimized with the Yoast SEO plugin v26.1.1 - https:\/\/yoast.com\/wordpress\/plugins\/seo\/ -->\n<title>Podcast \u201cNosaltres les Dones\u201d | Sonia Ruz Comas<\/title>\n<meta name=\"description\" content=\"Escolta el Podcast Nosaltres les Dones amb Sonia Ruz Comas: converses, entrevistes i reflexions sobre cultura i hist\u00f2ria.\" \/>\n<meta name=\"robots\" content=\"index, follow, max-snippet:-1, max-image-preview:large, max-video-preview:-1\" \/>\n<link rel=\"canonical\" href=\"https:\/\/soniaruzcomas.com\/ca\/podcast-nosaltres-les-dones\/\" \/>\n<meta property=\"og:locale\" content=\"ca_ES\" \/>\n<meta property=\"og:type\" content=\"article\" \/>\n<meta property=\"og:title\" content=\"Podcast \u201cNosaltres les Dones\u201d | Sonia Ruz Comas\" \/>\n<meta property=\"og:description\" content=\"Escolta el Podcast Nosaltres les Dones amb Sonia Ruz Comas: converses, entrevistes i reflexions sobre cultura i hist\u00f2ria.\" \/>\n<meta property=\"og:url\" content=\"https:\/\/soniaruzcomas.com\/ca\/podcast-nosaltres-les-dones\/\" \/>\n<meta property=\"og:site_name\" content=\"Sonia Ruz Comas\" \/>\n<meta property=\"article:modified_time\" content=\"2025-10-14T14:27:03+00:00\" \/>\n<meta name=\"twitter:card\" content=\"summary_large_image\" \/>\n<meta name=\"twitter:label1\" content=\"Temps estimat de lectura\" \/>\n\t<meta name=\"twitter:data1\" content=\"1 minut\" \/>\n<script type=\"application\/ld+json\" class=\"yoast-schema-graph\">{\"@context\":\"https:\/\/schema.org\",\"@graph\":[{\"@type\":\"WebPage\",\"@id\":\"https:\/\/soniaruzcomas.com\/ca\/podcast-nosaltres-les-dones\/\",\"url\":\"https:\/\/soniaruzcomas.com\/ca\/podcast-nosaltres-les-dones\/\",\"name\":\"Podcast \u201cNosaltres les Dones\u201d | Sonia Ruz Comas\",\"isPartOf\":{\"@id\":\"https:\/\/soniaruzcomas.com\/ca\/#website\"},\"datePublished\":\"2024-10-04T00:22:40+00:00\",\"dateModified\":\"2025-10-14T14:27:03+00:00\",\"description\":\"Escolta el Podcast Nosaltres les Dones amb Sonia Ruz Comas: converses, entrevistes i reflexions sobre cultura i hist\u00f2ria.\",\"breadcrumb\":{\"@id\":\"https:\/\/soniaruzcomas.com\/ca\/podcast-nosaltres-les-dones\/#breadcrumb\"},\"inLanguage\":\"ca\",\"potentialAction\":[{\"@type\":\"ReadAction\",\"target\":[\"https:\/\/soniaruzcomas.com\/ca\/podcast-nosaltres-les-dones\/\"]}]},{\"@type\":\"BreadcrumbList\",\"@id\":\"https:\/\/soniaruzcomas.com\/ca\/podcast-nosaltres-les-dones\/#breadcrumb\",\"itemListElement\":[{\"@type\":\"ListItem\",\"position\":1,\"name\":\"Portada\",\"item\":\"https:\/\/soniaruzcomas.com\/ca\/\"},{\"@type\":\"ListItem\",\"position\":2,\"name\":\"Podcast Nosaltres les Dones\"}]},{\"@type\":\"WebSite\",\"@id\":\"https:\/\/soniaruzcomas.com\/ca\/#website\",\"url\":\"https:\/\/soniaruzcomas.com\/ca\/\",\"name\":\"Sonia Ruz Comas\",\"description\":\"Escritora\",\"publisher\":{\"@id\":\"https:\/\/soniaruzcomas.com\/ca\/#organization\"},\"potentialAction\":[{\"@type\":\"SearchAction\",\"target\":{\"@type\":\"EntryPoint\",\"urlTemplate\":\"https:\/\/soniaruzcomas.com\/ca\/?s={search_term_string}\"},\"query-input\":{\"@type\":\"PropertyValueSpecification\",\"valueRequired\":true,\"valueName\":\"search_term_string\"}}],\"inLanguage\":\"ca\"},{\"@type\":\"Organization\",\"@id\":\"https:\/\/soniaruzcomas.com\/ca\/#organization\",\"name\":\"Sonia Ruz Comas\",\"url\":\"https:\/\/soniaruzcomas.com\/ca\/\",\"logo\":{\"@type\":\"ImageObject\",\"inLanguage\":\"ca\",\"@id\":\"https:\/\/soniaruzcomas.com\/ca\/#\/schema\/logo\/image\/\",\"url\":\"https:\/\/soniaruzcomas.com\/wp-content\/uploads\/2024\/10\/logo-sonia-ruz-comas-300-negro.png\",\"contentUrl\":\"https:\/\/soniaruzcomas.com\/wp-content\/uploads\/2024\/10\/logo-sonia-ruz-comas-300-negro.png\",\"width\":300,\"height\":61,\"caption\":\"Sonia Ruz Comas\"},\"image\":{\"@id\":\"https:\/\/soniaruzcomas.com\/ca\/#\/schema\/logo\/image\/\"},\"sameAs\":[\"https:\/\/www.instagram.com\/soniaruz_escritora\/\"]}]}<\/script>\n<!-- \/ Yoast SEO plugin. -->","yoast_head_json":{"title":"Podcast \u201cNosaltres les Dones\u201d | Sonia Ruz Comas","description":"Escolta el Podcast Nosaltres les Dones amb Sonia Ruz Comas: converses, entrevistes i reflexions sobre cultura i hist\u00f2ria.","robots":{"index":"index","follow":"follow","max-snippet":"max-snippet:-1","max-image-preview":"max-image-preview:large","max-video-preview":"max-video-preview:-1"},"canonical":"https:\/\/soniaruzcomas.com\/ca\/podcast-nosaltres-les-dones\/","og_locale":"ca_ES","og_type":"article","og_title":"Podcast \u201cNosaltres les Dones\u201d | Sonia Ruz Comas","og_description":"Escolta el Podcast Nosaltres les Dones amb Sonia Ruz Comas: converses, entrevistes i reflexions sobre cultura i hist\u00f2ria.","og_url":"https:\/\/soniaruzcomas.com\/ca\/podcast-nosaltres-les-dones\/","og_site_name":"Sonia Ruz Comas","article_modified_time":"2025-10-14T14:27:03+00:00","twitter_card":"summary_large_image","twitter_misc":{"Temps estimat de lectura":"1 minut"},"schema":{"@context":"https:\/\/schema.org","@graph":[{"@type":"WebPage","@id":"https:\/\/soniaruzcomas.com\/ca\/podcast-nosaltres-les-dones\/","url":"https:\/\/soniaruzcomas.com\/ca\/podcast-nosaltres-les-dones\/","name":"Podcast \u201cNosaltres les Dones\u201d | Sonia Ruz Comas","isPartOf":{"@id":"https:\/\/soniaruzcomas.com\/ca\/#website"},"datePublished":"2024-10-04T00:22:40+00:00","dateModified":"2025-10-14T14:27:03+00:00","description":"Escolta el Podcast Nosaltres les Dones amb Sonia Ruz Comas: converses, entrevistes i reflexions sobre cultura i hist\u00f2ria.","breadcrumb":{"@id":"https:\/\/soniaruzcomas.com\/ca\/podcast-nosaltres-les-dones\/#breadcrumb"},"inLanguage":"ca","potentialAction":[{"@type":"ReadAction","target":["https:\/\/soniaruzcomas.com\/ca\/podcast-nosaltres-les-dones\/"]}]},{"@type":"BreadcrumbList","@id":"https:\/\/soniaruzcomas.com\/ca\/podcast-nosaltres-les-dones\/#breadcrumb","itemListElement":[{"@type":"ListItem","position":1,"name":"Portada","item":"https:\/\/soniaruzcomas.com\/ca\/"},{"@type":"ListItem","position":2,"name":"Podcast Nosaltres les Dones"}]},{"@type":"WebSite","@id":"https:\/\/soniaruzcomas.com\/ca\/#website","url":"https:\/\/soniaruzcomas.com\/ca\/","name":"Sonia Ruz Comas","description":"Escritora","publisher":{"@id":"https:\/\/soniaruzcomas.com\/ca\/#organization"},"potentialAction":[{"@type":"SearchAction","target":{"@type":"EntryPoint","urlTemplate":"https:\/\/soniaruzcomas.com\/ca\/?s={search_term_string}"},"query-input":{"@type":"PropertyValueSpecification","valueRequired":true,"valueName":"search_term_string"}}],"inLanguage":"ca"},{"@type":"Organization","@id":"https:\/\/soniaruzcomas.com\/ca\/#organization","name":"Sonia Ruz Comas","url":"https:\/\/soniaruzcomas.com\/ca\/","logo":{"@type":"ImageObject","inLanguage":"ca","@id":"https:\/\/soniaruzcomas.com\/ca\/#\/schema\/logo\/image\/","url":"https:\/\/soniaruzcomas.com\/wp-content\/uploads\/2024\/10\/logo-sonia-ruz-comas-300-negro.png","contentUrl":"https:\/\/soniaruzcomas.com\/wp-content\/uploads\/2024\/10\/logo-sonia-ruz-comas-300-negro.png","width":300,"height":61,"caption":"Sonia Ruz Comas"},"image":{"@id":"https:\/\/soniaruzcomas.com\/ca\/#\/schema\/logo\/image\/"},"sameAs":["https:\/\/www.instagram.com\/soniaruz_escritora\/"]}]}},"_links":{"self":[{"href":"https:\/\/soniaruzcomas.com\/ca\/wp-json\/wp\/v2\/pages\/1723","targetHints":{"allow":["GET"]}}],"collection":[{"href":"https:\/\/soniaruzcomas.com\/ca\/wp-json\/wp\/v2\/pages"}],"about":[{"href":"https:\/\/soniaruzcomas.com\/ca\/wp-json\/wp\/v2\/types\/page"}],"author":[{"embeddable":true,"href":"https:\/\/soniaruzcomas.com\/ca\/wp-json\/wp\/v2\/users\/1"}],"replies":[{"embeddable":true,"href":"https:\/\/soniaruzcomas.com\/ca\/wp-json\/wp\/v2\/comments?post=1723"}],"version-history":[{"count":2,"href":"https:\/\/soniaruzcomas.com\/ca\/wp-json\/wp\/v2\/pages\/1723\/revisions"}],"predecessor-version":[{"id":1725,"href":"https:\/\/soniaruzcomas.com\/ca\/wp-json\/wp\/v2\/pages\/1723\/revisions\/1725"}],"wp:attachment":[{"href":"https:\/\/soniaruzcomas.com\/ca\/wp-json\/wp\/v2\/media?parent=1723"}],"curies":[{"name":"wp","href":"https:\/\/api.w.org\/{rel}","templated":true}]}}