{"id":1726,"date":"2019-09-18T05:01:50","date_gmt":"2019-09-18T03:01:50","guid":{"rendered":"https:\/\/soniaruzcomas.com\/blog\/"},"modified":"2025-10-14T16:12:58","modified_gmt":"2025-10-14T14:12:58","slug":"blog","status":"publish","type":"page","link":"https:\/\/soniaruzcomas.com\/ca\/blog\/","title":{"rendered":"Blog"},"content":{"rendered":"<div class=\"wpb-content-wrapper\"><p>[vc_row][vc_column]<style type=\"text\/css\" data-type=\"the7_shortcodes-inline-css\">.blog-shortcode.blog-list-shortcode-id-26961a099c45d7f40f48f77bc0ef1719.content-bg-on.classic-layout-list article {\n  background: #ececec;\n  box-shadow: none;\n}\n.blog-shortcode.blog-list-shortcode-id-26961a099c45d7f40f48f77bc0ef1719.dividers-on.classic-layout-list article {\n  margin-top: 50px;\n  padding-top: 0;\n}\n.blog-shortcode.blog-list-shortcode-id-26961a099c45d7f40f48f77bc0ef1719.dividers-on.classic-layout-list article:first-of-type {\n  margin-top: 0;\n  padding-top: 0;\n}\n.blog-shortcode.blog-list-shortcode-id-26961a099c45d7f40f48f77bc0ef1719.classic-layout-list.mode-list .post-thumbnail-wrap {\n  width: 50%;\n}\n.blog-shortcode.blog-list-shortcode-id-26961a099c45d7f40f48f77bc0ef1719.classic-layout-list.mode-list .post-entry-content {\n  width: calc(100% - 50%);\n}\n.blog-shortcode.blog-list-shortcode-id-26961a099c45d7f40f48f77bc0ef1719.classic-layout-list.mode-list .no-img .post-entry-content {\n  width: 100%;\n}\n.blog-shortcode.blog-list-shortcode-id-26961a099c45d7f40f48f77bc0ef1719 .filter-bg-decoration .filter-categories a.act {\n  color: #fff;\n}\n.blog-shortcode.blog-list-shortcode-id-26961a099c45d7f40f48f77bc0ef1719:not(.mode-masonry) article {\n  margin-top: 50px;\n}\n.blog-shortcode.blog-list-shortcode-id-26961a099c45d7f40f48f77bc0ef1719:not(.mode-masonry) article:first-of-type,\n.blog-shortcode.blog-list-shortcode-id-26961a099c45d7f40f48f77bc0ef1719:not(.mode-masonry) article.visible.first:not(.product) {\n  margin-top: 0;\n}\n.blog-shortcode.blog-list-shortcode-id-26961a099c45d7f40f48f77bc0ef1719.dividers-on:not(.mode-masonry) article {\n  margin-top: 0;\n  padding-top: 50px;\n}\n.blog-shortcode.blog-list-shortcode-id-26961a099c45d7f40f48f77bc0ef1719.dividers-on:not(.mode-masonry) article:first-of-type,\n.blog-shortcode.blog-list-shortcode-id-26961a099c45d7f40f48f77bc0ef1719.dividers-on:not(.mode-masonry) article.visible.first:not(.product) {\n  margin-top: 0;\n  padding-top: 0;\n}\n.blog-shortcode.blog-list-shortcode-id-26961a099c45d7f40f48f77bc0ef1719 .post-thumbnail-wrap {\n  padding: 0px 0px 0px 0px;\n}\n.blog-shortcode.blog-list-shortcode-id-26961a099c45d7f40f48f77bc0ef1719.enable-bg-rollover .post-thumbnail-rollover:after {\n  background: rgba(46,43,54,0.25);\n  box-shadow: none;\n  background: -webkit-linear-gradient();\n  background: linear-gradient();\n}\n.blog-shortcode.blog-list-shortcode-id-26961a099c45d7f40f48f77bc0ef1719 .gallery-zoom-ico {\n  width: 64px;\n  height: 64px;\n  line-height: 64px;\n  border-radius: 100px;\n  margin: -32px 0 0 -32px;\n  border-width: 0px;\n  color: #ffffff;\n}\n.bottom-overlap-layout-list.blog-shortcode.blog-list-shortcode-id-26961a099c45d7f40f48f77bc0ef1719 .gallery-zoom-ico {\n  margin-top: -32px;\n}\n.gradient-overlay-layout-list.blog-shortcode.blog-list-shortcode-id-26961a099c45d7f40f48f77bc0ef1719 .gallery-zoom-ico,\n.content-rollover-layout-list.blog-shortcode.blog-list-shortcode-id-26961a099c45d7f40f48f77bc0ef1719 .gallery-zoom-ico {\n  margin: 0 0 10px;\n}\n.content-align-center.gradient-overlay-layout-list.blog-shortcode.blog-list-shortcode-id-26961a099c45d7f40f48f77bc0ef1719 .gallery-zoom-ico,\n.content-align-center.content-rollover-layout-list.blog-shortcode.blog-list-shortcode-id-26961a099c45d7f40f48f77bc0ef1719 .gallery-zoom-ico {\n  margin: 0 auto 10px;\n}\n.dt-icon-bg-on.blog-shortcode.blog-list-shortcode-id-26961a099c45d7f40f48f77bc0ef1719 .gallery-zoom-ico {\n  background: rgba(255,255,255,0.3);\n  box-shadow: none;\n}\n.blog-shortcode.blog-list-shortcode-id-26961a099c45d7f40f48f77bc0ef1719 .gallery-zoom-ico > span,\n.blog-shortcode.blog-list-shortcode-id-26961a099c45d7f40f48f77bc0ef1719 .gallery-zoom-ico:before {\n  font-size: 64px;\n  line-height: 64px;\n}\n.blog-shortcode.blog-list-shortcode-id-26961a099c45d7f40f48f77bc0ef1719 .gallery-zoom-ico > span,\n.blog-shortcode.blog-list-shortcode-id-26961a099c45d7f40f48f77bc0ef1719 .gallery-zoom-ico:before {\n  color: #ffffff;\n}\n.blog-shortcode.blog-list-shortcode-id-26961a099c45d7f40f48f77bc0ef1719 .fancy-date a {\n  background: #2e2b36;\n  box-shadow: none;\n}\n.blog-shortcode.blog-list-shortcode-id-26961a099c45d7f40f48f77bc0ef1719 .fancy-date a * {\n  color: #ffffff;\n}\n.blog-shortcode.blog-list-shortcode-id-26961a099c45d7f40f48f77bc0ef1719 .fancy-date a .entry-month:after,\n.blog-shortcode.blog-list-shortcode-id-26961a099c45d7f40f48f77bc0ef1719 .fancy-date a .entry-date:after {\n  background: rgba(255,255,255,0.3);\n  box-shadow: none;\n}\n.blog-shortcode.blog-list-shortcode-id-26961a099c45d7f40f48f77bc0ef1719 .entry-title,\n.blog-shortcode.blog-list-shortcode-id-26961a099c45d7f40f48f77bc0ef1719.owl-carousel .entry-title {\n  margin-bottom: 10px;\n}\n.blog-shortcode.blog-list-shortcode-id-26961a099c45d7f40f48f77bc0ef1719 .entry-meta {\n  margin-bottom: 15px;\n}\n.blog-shortcode.blog-list-shortcode-id-26961a099c45d7f40f48f77bc0ef1719 .portfolio-categories {\n  margin-bottom: 15px;\n}\n.blog-shortcode.blog-list-shortcode-id-26961a099c45d7f40f48f77bc0ef1719 .entry-excerpt {\n  margin-bottom: 10px;\n}\n.blog-shortcode.blog-list-shortcode-id-26961a099c45d7f40f48f77bc0ef1719:not(.centered-layout-list) .post-entry-content {\n  padding: 30px 30px 30px 30px;\n}\n.blog-shortcode.blog-list-shortcode-id-26961a099c45d7f40f48f77bc0ef1719:not(.centered-layout-list):not(.content-bg-on):not(.mode-list) .no-img .post-entry-content {\n  padding: 0;\n}\n.blog-shortcode.blog-list-shortcode-id-26961a099c45d7f40f48f77bc0ef1719.content-bg-on:not(.classic-layout-list):not(.centered-layout-list) .post-entry-content {\n  background: #ececec;\n  box-shadow: none;\n}\n@media screen and (max-width: 990px) {\n  .blog-shortcode.blog-list-shortcode-id-26961a099c45d7f40f48f77bc0ef1719 article {\n    -ms-flex-flow: column nowrap;\n    flex-flow: column nowrap;\n    margin-top: 20px;\n  }\n  .blog-shortcode.blog-list-shortcode-id-26961a099c45d7f40f48f77bc0ef1719.dividers-on article {\n    border: none;\n  }\n  .blog-shortcode.blog-list-shortcode-id-26961a099c45d7f40f48f77bc0ef1719.content-bg-on.centered-layout-list article {\n    padding: 0;\n  }\n  .blog-shortcode.blog-list-shortcode-id-26961a099c45d7f40f48f77bc0ef1719.blog-shortcode.dividers-on article,\n  .blog-shortcode.blog-list-shortcode-id-26961a099c45d7f40f48f77bc0ef1719.dividers-on.classic-layout-list article {\n    margin-top: 20px;\n    padding: 0;\n  }\n  .blog-shortcode.blog-list-shortcode-id-26961a099c45d7f40f48f77bc0ef1719.blog-shortcode.dividers-on article:first-of-type,\n  .blog-shortcode.blog-list-shortcode-id-26961a099c45d7f40f48f77bc0ef1719.dividers-on.classic-layout-list article:first-of-type {\n    padding: 0;\n  }\n  #page .blog-shortcode.blog-list-shortcode-id-26961a099c45d7f40f48f77bc0ef1719 .post-thumbnail-wrap,\n  #page .blog-shortcode.blog-list-shortcode-id-26961a099c45d7f40f48f77bc0ef1719 .post-entry-content {\n    width: 100%;\n    margin: 0;\n    top: 0;\n  }\n  #page .blog-shortcode.blog-list-shortcode-id-26961a099c45d7f40f48f77bc0ef1719 .post-thumbnail-wrap {\n    padding: 0;\n  }\n  #page .blog-shortcode.blog-list-shortcode-id-26961a099c45d7f40f48f77bc0ef1719 .post-entry-content:after {\n    display: none;\n  }\n  #page .blog-shortcode.blog-list-shortcode-id-26961a099c45d7f40f48f77bc0ef1719 .project-even .post-thumbnail-wrap,\n  #page .blog-shortcode.blog-list-shortcode-id-26961a099c45d7f40f48f77bc0ef1719.centered-layout-list .post-thumbnail-wrap {\n    -ms-flex-order: 0;\n    order: 0;\n  }\n  #page .blog-shortcode.blog-list-shortcode-id-26961a099c45d7f40f48f77bc0ef1719.centered-layout-list .post-entry-title-content {\n    -ms-flex-order: 1;\n    order: 1;\n    width: 100%;\n    padding: 20px 20px 0;\n  }\n  #page .blog-shortcode.blog-list-shortcode-id-26961a099c45d7f40f48f77bc0ef1719.centered-layout-list .post-entry-content {\n    -ms-flex-order: 2;\n    order: 2;\n    padding-top: 0;\n  }\n  #page .blog-shortcode.blog-list-shortcode-id-26961a099c45d7f40f48f77bc0ef1719 .fancy-categories {\n    top: 10px;\n    left: 10px;\n    bottom: auto;\n    right: auto;\n  }\n  #page .blog-shortcode.blog-list-shortcode-id-26961a099c45d7f40f48f77bc0ef1719 .fancy-date a {\n    top: 10px;\n    right: 10px;\n    left: auto;\n    bottom: auto;\n  }\n  #page .blog-shortcode.blog-list-shortcode-id-26961a099c45d7f40f48f77bc0ef1719 .post-entry-content {\n    padding: 20px;\n  }\n  #page .blog-shortcode.blog-list-shortcode-id-26961a099c45d7f40f48f77bc0ef1719 .entry-title {\n    margin: 3px 0 5px;\n    font-size: 20px;\n    line-height: 26px;\n  }\n  #page .blog-shortcode.blog-list-shortcode-id-26961a099c45d7f40f48f77bc0ef1719 .entry-meta {\n    margin: 5px 0 5px;\n  }\n  #page .blog-shortcode.blog-list-shortcode-id-26961a099c45d7f40f48f77bc0ef1719 .entry-excerpt {\n    margin: 15px 0 0;\n  }\n  #page .blog-shortcode.blog-list-shortcode-id-26961a099c45d7f40f48f77bc0ef1719 .post-details {\n    margin: 5px 0 10px;\n  }\n  #page .blog-shortcode.blog-list-shortcode-id-26961a099c45d7f40f48f77bc0ef1719 .post-details.details-type-link {\n    margin-bottom: 2px;\n  }\n}\n<\/style><div class=\"articles-list blog-shortcode mode-list blog-list-shortcode-id-26961a099c45d7f40f48f77bc0ef1719 classic-layout-list content-bg-on enable-bg-rollover jquery-filter scale-img dt-icon-bg-off vertical-fancy-style loading-effect-fade-in\" data-cur-page=\"1\" data-post-limit=\"6\" data-pagination-mode=\"load-more\" aria-live=\"assertive\"><div class=\"paginator paginator-more-button\">\n\t\t\t\t<a class=\"button-load-more \" href=\"javascript:void(0);\" data-dt-page=\"1\" ><span class=\"stick\"><\/span><span class=\"stick\"><\/span><span class=\"stick\"><\/span><span class=\"button-caption\">Load more<\/span><\/a>\n\t\t\t<\/div><\/div>[\/vc_column][\/vc_row]<\/p>\n<\/div>","protected":false},"excerpt":{"rendered":"<p>[vc_row][vc_column][\/vc_column][\/vc_row]<\/p>\n","protected":false},"author":1,"featured_media":0,"parent":0,"menu_order":60,"comment_status":"closed","ping_status":"closed","template":"","meta":{"footnotes":""},"class_list":["post-1726","page","type-page","status-publish","hentry","description-off"],"yoast_head":"<!-- This site is optimized with the Yoast SEO plugin v26.1.1 - https:\/\/yoast.com\/wordpress\/plugins\/seo\/ -->\n<title>Bloc d\u2019hist\u00f2ria i cultura | Articles i reflexions de Sonia Ruz Comas<\/title>\n<meta name=\"description\" content=\"Explora el bloc de Sonia Ruz Comas: articles sobre hist\u00f2ria, art, cultura i curiositats hist\u00f2riques. Contingut rigor\u00f3s i apassionant.\" \/>\n<meta name=\"robots\" content=\"index, follow, max-snippet:-1, max-image-preview:large, max-video-preview:-1\" \/>\n<link rel=\"canonical\" href=\"https:\/\/soniaruzcomas.com\/ca\/blog\/\" \/>\n<meta property=\"og:locale\" content=\"ca_ES\" \/>\n<meta property=\"og:type\" content=\"article\" \/>\n<meta property=\"og:title\" content=\"Bloc d\u2019hist\u00f2ria i cultura | Articles i reflexions de Sonia Ruz Comas\" \/>\n<meta property=\"og:description\" content=\"Explora el bloc de Sonia Ruz Comas: articles sobre hist\u00f2ria, art, cultura i curiositats hist\u00f2riques. Contingut rigor\u00f3s i apassionant.\" \/>\n<meta property=\"og:url\" content=\"https:\/\/soniaruzcomas.com\/ca\/blog\/\" \/>\n<meta property=\"og:site_name\" content=\"Sonia Ruz Comas\" \/>\n<meta property=\"article:modified_time\" content=\"2025-10-14T14:12:58+00:00\" \/>\n<meta name=\"twitter:card\" content=\"summary_large_image\" \/>\n<meta name=\"twitter:label1\" content=\"Temps estimat de lectura\" \/>\n\t<meta name=\"twitter:data1\" content=\"1 minut\" \/>\n<script type=\"application\/ld+json\" class=\"yoast-schema-graph\">{\"@context\":\"https:\/\/schema.org\",\"@graph\":[{\"@type\":\"WebPage\",\"@id\":\"https:\/\/soniaruzcomas.com\/ca\/blog\/\",\"url\":\"https:\/\/soniaruzcomas.com\/ca\/blog\/\",\"name\":\"Bloc d\u2019hist\u00f2ria i cultura | Articles i reflexions de Sonia Ruz Comas\",\"isPartOf\":{\"@id\":\"https:\/\/soniaruzcomas.com\/ca\/#website\"},\"datePublished\":\"2019-09-18T03:01:50+00:00\",\"dateModified\":\"2025-10-14T14:12:58+00:00\",\"description\":\"Explora el bloc de Sonia Ruz Comas: articles sobre hist\u00f2ria, art, cultura i curiositats hist\u00f2riques. Contingut rigor\u00f3s i apassionant.\",\"breadcrumb\":{\"@id\":\"https:\/\/soniaruzcomas.com\/ca\/blog\/#breadcrumb\"},\"inLanguage\":\"ca\",\"potentialAction\":[{\"@type\":\"ReadAction\",\"target\":[\"https:\/\/soniaruzcomas.com\/ca\/blog\/\"]}]},{\"@type\":\"BreadcrumbList\",\"@id\":\"https:\/\/soniaruzcomas.com\/ca\/blog\/#breadcrumb\",\"itemListElement\":[{\"@type\":\"ListItem\",\"position\":1,\"name\":\"Portada\",\"item\":\"https:\/\/soniaruzcomas.com\/ca\/\"},{\"@type\":\"ListItem\",\"position\":2,\"name\":\"Blog\"}]},{\"@type\":\"WebSite\",\"@id\":\"https:\/\/soniaruzcomas.com\/ca\/#website\",\"url\":\"https:\/\/soniaruzcomas.com\/ca\/\",\"name\":\"Sonia Ruz Comas\",\"description\":\"Escritora\",\"publisher\":{\"@id\":\"https:\/\/soniaruzcomas.com\/ca\/#organization\"},\"potentialAction\":[{\"@type\":\"SearchAction\",\"target\":{\"@type\":\"EntryPoint\",\"urlTemplate\":\"https:\/\/soniaruzcomas.com\/ca\/?s={search_term_string}\"},\"query-input\":{\"@type\":\"PropertyValueSpecification\",\"valueRequired\":true,\"valueName\":\"search_term_string\"}}],\"inLanguage\":\"ca\"},{\"@type\":\"Organization\",\"@id\":\"https:\/\/soniaruzcomas.com\/ca\/#organization\",\"name\":\"Sonia Ruz Comas\",\"url\":\"https:\/\/soniaruzcomas.com\/ca\/\",\"logo\":{\"@type\":\"ImageObject\",\"inLanguage\":\"ca\",\"@id\":\"https:\/\/soniaruzcomas.com\/ca\/#\/schema\/logo\/image\/\",\"url\":\"https:\/\/soniaruzcomas.com\/wp-content\/uploads\/2024\/10\/logo-sonia-ruz-comas-300-negro.png\",\"contentUrl\":\"https:\/\/soniaruzcomas.com\/wp-content\/uploads\/2024\/10\/logo-sonia-ruz-comas-300-negro.png\",\"width\":300,\"height\":61,\"caption\":\"Sonia Ruz Comas\"},\"image\":{\"@id\":\"https:\/\/soniaruzcomas.com\/ca\/#\/schema\/logo\/image\/\"},\"sameAs\":[\"https:\/\/www.instagram.com\/soniaruz_escritora\/\"]}]}<\/script>\n<!-- \/ Yoast SEO plugin. -->","yoast_head_json":{"title":"Bloc d\u2019hist\u00f2ria i cultura | Articles i reflexions de Sonia Ruz Comas","description":"Explora el bloc de Sonia Ruz Comas: articles sobre hist\u00f2ria, art, cultura i curiositats hist\u00f2riques. Contingut rigor\u00f3s i apassionant.","robots":{"index":"index","follow":"follow","max-snippet":"max-snippet:-1","max-image-preview":"max-image-preview:large","max-video-preview":"max-video-preview:-1"},"canonical":"https:\/\/soniaruzcomas.com\/ca\/blog\/","og_locale":"ca_ES","og_type":"article","og_title":"Bloc d\u2019hist\u00f2ria i cultura | Articles i reflexions de Sonia Ruz Comas","og_description":"Explora el bloc de Sonia Ruz Comas: articles sobre hist\u00f2ria, art, cultura i curiositats hist\u00f2riques. Contingut rigor\u00f3s i apassionant.","og_url":"https:\/\/soniaruzcomas.com\/ca\/blog\/","og_site_name":"Sonia Ruz Comas","article_modified_time":"2025-10-14T14:12:58+00:00","twitter_card":"summary_large_image","twitter_misc":{"Temps estimat de lectura":"1 minut"},"schema":{"@context":"https:\/\/schema.org","@graph":[{"@type":"WebPage","@id":"https:\/\/soniaruzcomas.com\/ca\/blog\/","url":"https:\/\/soniaruzcomas.com\/ca\/blog\/","name":"Bloc d\u2019hist\u00f2ria i cultura | Articles i reflexions de Sonia Ruz Comas","isPartOf":{"@id":"https:\/\/soniaruzcomas.com\/ca\/#website"},"datePublished":"2019-09-18T03:01:50+00:00","dateModified":"2025-10-14T14:12:58+00:00","description":"Explora el bloc de Sonia Ruz Comas: articles sobre hist\u00f2ria, art, cultura i curiositats hist\u00f2riques. Contingut rigor\u00f3s i apassionant.","breadcrumb":{"@id":"https:\/\/soniaruzcomas.com\/ca\/blog\/#breadcrumb"},"inLanguage":"ca","potentialAction":[{"@type":"ReadAction","target":["https:\/\/soniaruzcomas.com\/ca\/blog\/"]}]},{"@type":"BreadcrumbList","@id":"https:\/\/soniaruzcomas.com\/ca\/blog\/#breadcrumb","itemListElement":[{"@type":"ListItem","position":1,"name":"Portada","item":"https:\/\/soniaruzcomas.com\/ca\/"},{"@type":"ListItem","position":2,"name":"Blog"}]},{"@type":"WebSite","@id":"https:\/\/soniaruzcomas.com\/ca\/#website","url":"https:\/\/soniaruzcomas.com\/ca\/","name":"Sonia Ruz Comas","description":"Escritora","publisher":{"@id":"https:\/\/soniaruzcomas.com\/ca\/#organization"},"potentialAction":[{"@type":"SearchAction","target":{"@type":"EntryPoint","urlTemplate":"https:\/\/soniaruzcomas.com\/ca\/?s={search_term_string}"},"query-input":{"@type":"PropertyValueSpecification","valueRequired":true,"valueName":"search_term_string"}}],"inLanguage":"ca"},{"@type":"Organization","@id":"https:\/\/soniaruzcomas.com\/ca\/#organization","name":"Sonia Ruz Comas","url":"https:\/\/soniaruzcomas.com\/ca\/","logo":{"@type":"ImageObject","inLanguage":"ca","@id":"https:\/\/soniaruzcomas.com\/ca\/#\/schema\/logo\/image\/","url":"https:\/\/soniaruzcomas.com\/wp-content\/uploads\/2024\/10\/logo-sonia-ruz-comas-300-negro.png","contentUrl":"https:\/\/soniaruzcomas.com\/wp-content\/uploads\/2024\/10\/logo-sonia-ruz-comas-300-negro.png","width":300,"height":61,"caption":"Sonia Ruz Comas"},"image":{"@id":"https:\/\/soniaruzcomas.com\/ca\/#\/schema\/logo\/image\/"},"sameAs":["https:\/\/www.instagram.com\/soniaruz_escritora\/"]}]}},"_links":{"self":[{"href":"https:\/\/soniaruzcomas.com\/ca\/wp-json\/wp\/v2\/pages\/1726","targetHints":{"allow":["GET"]}}],"collection":[{"href":"https:\/\/soniaruzcomas.com\/ca\/wp-json\/wp\/v2\/pages"}],"about":[{"href":"https:\/\/soniaruzcomas.com\/ca\/wp-json\/wp\/v2\/types\/page"}],"author":[{"embeddable":true,"href":"https:\/\/soniaruzcomas.com\/ca\/wp-json\/wp\/v2\/users\/1"}],"replies":[{"embeddable":true,"href":"https:\/\/soniaruzcomas.com\/ca\/wp-json\/wp\/v2\/comments?post=1726"}],"version-history":[{"count":2,"href":"https:\/\/soniaruzcomas.com\/ca\/wp-json\/wp\/v2\/pages\/1726\/revisions"}],"predecessor-version":[{"id":1747,"href":"https:\/\/soniaruzcomas.com\/ca\/wp-json\/wp\/v2\/pages\/1726\/revisions\/1747"}],"wp:attachment":[{"href":"https:\/\/soniaruzcomas.com\/ca\/wp-json\/wp\/v2\/media?parent=1726"}],"curies":[{"name":"wp","href":"https:\/\/api.w.org\/{rel}","templated":true}]}}